{"id":2874,"date":"2023-05-02T19:31:20","date_gmt":"2023-05-02T23:31:20","guid":{"rendered":"https:\/\/designinternational.uqam.ca\/2023\/landing-page\/martin-hogue-jour-03-copy\/"},"modified":"2023-06-01T11:03:35","modified_gmt":"2023-06-01T15:03:35","slug":"martin-hogue-jour-4","status":"publish","type":"page","link":"https:\/\/designinternational.uqam.ca\/2023\/landing-page\/martin-hogue-jour-4\/","title":{"rendered":"MARTIN HOGUE-JOUR-4"},"content":{"rendered":"\t\t<div data-elementor-type=\"wp-page\" data-elementor-id=\"2874\" class=\"elementor elementor-2874\">\n\t\t\t\t\t\t<section class=\"elementor-section elementor-top-section elementor-element elementor-element-e8d71ea elementor-section-boxed elementor-section-height-default elementor-section-height-default\" data-id=\"e8d71ea\" data-element_type=\"section\" data-e-type=\"section\">\n\t\t\t\t\t\t<div class=\"elementor-container elementor-column-gap-default\">\n\t\t\t\t\t<div class=\"elementor-column elementor-col-100 elementor-top-column elementor-element elementor-element-2c8f608\" data-id=\"2c8f608\" data-element_type=\"column\" data-e-type=\"column\">\n\t\t\t<div class=\"elementor-widget-wrap elementor-element-populated\">\n\t\t\t\t\t\t<div class=\"elementor-element elementor-element-e8877d6 elementor-widget elementor-widget-spacer\" data-id=\"e8877d6\" data-element_type=\"widget\" data-e-type=\"widget\" data-widget_type=\"spacer.default\">\n\t\t\t\t<div class=\"elementor-widget-container\">\n\t\t\t\t\t\t\t<div class=\"elementor-spacer\">\n\t\t\t<div class=\"elementor-spacer-inner\"><\/div>\n\t\t<\/div>\n\t\t\t\t\t\t<\/div>\n\t\t\t\t<\/div>\n\t\t\t\t\t<\/div>\n\t\t<\/div>\n\t\t\t\t\t<\/div>\n\t\t<\/section>\n\t\t\t\t<section class=\"elementor-section elementor-top-section elementor-element elementor-element-d28286b elementor-section-content-middle elementor-section-full_width elementor-section-height-default elementor-section-height-default\" data-id=\"d28286b\" data-element_type=\"section\" data-e-type=\"section\">\n\t\t\t\t\t\t<div class=\"elementor-container elementor-column-gap-no\">\n\t\t\t\t\t<div class=\"elementor-column elementor-col-100 elementor-top-column elementor-element elementor-element-ba15d07\" data-id=\"ba15d07\" data-element_type=\"column\" data-e-type=\"column\" data-settings=\"{&quot;background_background&quot;:&quot;classic&quot;}\">\n\t\t\t<div class=\"elementor-widget-wrap elementor-element-populated\">\n\t\t\t\t\t\t<div class=\"elementor-element elementor-element-20361da elementor-widget__width-initial elementor-widget elementor-widget-heading\" data-id=\"20361da\" data-element_type=\"widget\" data-e-type=\"widget\" data-widget_type=\"heading.default\">\n\t\t\t\t<div class=\"elementor-widget-container\">\n\t\t\t\t\t<h1 class=\"elementor-heading-title elementor-size-default\"><a href=\"https:\/\/designinternational.uqam.ca\/2023\/landing-page\/martin-hogue\/\">CARLES BAIGES CAMPRUB\u00ed<\/a><\/h1>\t\t\t\t<\/div>\n\t\t\t\t<\/div>\n\t\t\t\t\t<\/div>\n\t\t<\/div>\n\t\t\t\t\t<\/div>\n\t\t<\/section>\n\t\t\t\t<section class=\"elementor-section elementor-top-section elementor-element elementor-element-6ce2b8e elementor-section-content-middle elementor-section-boxed elementor-section-height-default elementor-section-height-default\" data-id=\"6ce2b8e\" data-element_type=\"section\" data-e-type=\"section\">\n\t\t\t\t\t\t<div class=\"elementor-container elementor-column-gap-default\">\n\t\t\t\t\t<div class=\"elementor-column elementor-col-50 elementor-top-column elementor-element elementor-element-638285c\" data-id=\"638285c\" data-element_type=\"column\" data-e-type=\"column\">\n\t\t\t<div class=\"elementor-widget-wrap elementor-element-populated\">\n\t\t\t\t\t\t<div class=\"elementor-element elementor-element-fcbbb53 elementor-widget__width-initial elementor-widget elementor-widget-text-editor\" data-id=\"fcbbb53\" data-element_type=\"widget\" data-e-type=\"widget\" data-widget_type=\"text-editor.default\">\n\t\t\t\t<div class=\"elementor-widget-container\">\n\t\t\t\t\t\t\t\t\t<p>\u00c9DIFICE<\/p>\t\t\t\t\t\t\t\t<\/div>\n\t\t\t\t<\/div>\n\t\t\t\t\t<\/div>\n\t\t<\/div>\n\t\t\t\t<div class=\"elementor-column elementor-col-50 elementor-top-column elementor-element elementor-element-4e480fc\" data-id=\"4e480fc\" data-element_type=\"column\" data-e-type=\"column\">\n\t\t\t<div class=\"elementor-widget-wrap elementor-element-populated\">\n\t\t\t\t\t\t<div class=\"elementor-element elementor-element-b236c48 elementor-widget__width-initial elementor-widget elementor-widget-text-editor\" data-id=\"b236c48\" data-element_type=\"widget\" data-e-type=\"widget\" data-widget_type=\"text-editor.default\">\n\t\t\t\t<div class=\"elementor-widget-container\">\n\t\t\t\t\t\t\t\t\t<p>JOUR 08<\/p>\t\t\t\t\t\t\t\t<\/div>\n\t\t\t\t<\/div>\n\t\t\t\t\t<\/div>\n\t\t<\/div>\n\t\t\t\t\t<\/div>\n\t\t<\/section>\n\t\t\t\t<section class=\"elementor-section elementor-top-section elementor-element elementor-element-8582ed1 elementor-section-full_width elementor-section-height-default elementor-section-height-default\" data-id=\"8582ed1\" data-element_type=\"section\" data-e-type=\"section\">\n\t\t\t\t\t\t<div class=\"elementor-container elementor-column-gap-default\">\n\t\t\t\t\t<div class=\"elementor-column elementor-col-66 elementor-top-column elementor-element elementor-element-d2e52d6\" data-id=\"d2e52d6\" data-element_type=\"column\" data-e-type=\"column\">\n\t\t\t<div class=\"elementor-widget-wrap elementor-element-populated\">\n\t\t\t\t\t\t<div class=\"elementor-element elementor-element-d374fec elementor-widget__width-initial elementor-widget elementor-widget-text-editor\" data-id=\"d374fec\" data-element_type=\"widget\" data-e-type=\"widget\" data-widget_type=\"text-editor.default\">\n\t\t\t\t<div class=\"elementor-widget-container\">\n\t\t\t\t\t\t\t\t\t<p><span style=\"font-family: Helvetica;\">SAMEDI &#8211; JOUR 08<\/span><\/p><p><span style=\"font-family: Helvetica;\">La visite des ateliers se termine au quatri\u00e8me \u00e9tage, o\u00f9 sont expos\u00e9s les projets de l\u2019atelier de Carles. Plus t\u00f4t ce matin, les \u00e9tudiants ont pr\u00e9sent\u00e9 leur concept final aux professeurs et invit\u00e9s, accompagn\u00e9s d\u2019un diaporama projet\u00e9 sur un \u00e9cran. Maintenant, ce sont des affiches qui supportent leur discours. Carles et Mark accueillent le public et pr\u00e9sentent le travail r\u00e9alis\u00e9 cette semaine.\u00a0<\/span><\/p><p><span style=\"font-family: Helvetica;\">Ensuite, ce sont les \u00e9tudiants qui disent quelques mots sur leurs projets\u00a0; une \u00e9quipe avait comme objectif de revitaliser l\u2019espace de la rue et d\u2019offrir un endroit de collaboration, une autre d\u2019int\u00e9grer la coop\u00e9rative au reste du quartier, une autre de s\u2019implanter en douceur, selon des principes d\u2019acupuncture urbaine, et une derni\u00e8re de revaloriser l\u2019axe de l\u2019avenue H\u00f4tel-de-Ville. C\u2019est sur ce dernier projet que se conclut l\u2019\u00e9dition 2023 de la semaine de Design International de l\u2019UQ\u00c0M.\u00a0<\/span><\/p>\t\t\t\t\t\t\t\t<\/div>\n\t\t\t\t<\/div>\n\t\t\t\t\t<\/div>\n\t\t<\/div>\n\t\t\t\t<div class=\"elementor-column elementor-col-33 elementor-top-column elementor-element elementor-element-c211b0c\" data-id=\"c211b0c\" data-element_type=\"column\" data-e-type=\"column\">\n\t\t\t<div class=\"elementor-widget-wrap elementor-element-populated\">\n\t\t\t\t\t\t<div class=\"elementor-element elementor-element-7c65760 elementor-widget__width-initial elementor-fixed elementor-widget elementor-widget-image\" data-id=\"7c65760\" data-element_type=\"widget\" data-e-type=\"widget\" data-settings=\"{&quot;_position&quot;:&quot;fixed&quot;}\" data-widget_type=\"image.default\">\n\t\t\t\t<div class=\"elementor-widget-container\">\n\t\t\t\t\t\t\t\t\t\t\t\t\t\t\t<img fetchpriority=\"high\" decoding=\"async\" width=\"300\" height=\"300\" src=\"https:\/\/designinternational.uqam.ca\/2023\/wp-content\/uploads\/sites\/9\/2023\/06\/20230520_CARLES01.png\" class=\"attachment-full size-full wp-image-4786\" alt=\"\" srcset=\"https:\/\/designinternational.uqam.ca\/2023\/wp-content\/uploads\/sites\/9\/2023\/06\/20230520_CARLES01.png 300w, https:\/\/designinternational.uqam.ca\/2023\/wp-content\/uploads\/sites\/9\/2023\/06\/20230520_CARLES01-150x150.png 150w\" sizes=\"(max-width: 300px) 100vw, 300px\" \/>\t\t\t\t\t\t\t\t\t\t\t\t\t\t\t<\/div>\n\t\t\t\t<\/div>\n\t\t\t\t<div class=\"elementor-element elementor-element-78654b1 elementor-widget__width-initial elementor-fixed elementor-widget elementor-widget-image\" data-id=\"78654b1\" data-element_type=\"widget\" data-e-type=\"widget\" data-settings=\"{&quot;_position&quot;:&quot;fixed&quot;}\" data-widget_type=\"image.default\">\n\t\t\t\t<div class=\"elementor-widget-container\">\n\t\t\t\t\t\t\t\t\t\t\t\t\t\t\t\t<a href=\"https:\/\/designinternational.uqam.ca\/2023\/landing-page\/martin-hogue-jour-02\/\">\n\t\t\t\t\t\t\t<img decoding=\"async\" src=\"https:\/\/designinternational.uqam.ca\/2023\/wp-content\/uploads\/sites\/9\/elementor\/thumbs\/Screen-Shot-2023-05-02-at-2.05.21-PM-q5vszdpr2wfvq8n4tb86yakuhpo1zmjapxe37to6r0.png\" title=\"Screen Shot 2023-05-02 at 2.05.21 PM\" alt=\"Screen Shot 2023-05-02 at 2.05.21 PM\" loading=\"lazy\" \/>\t\t\t\t\t\t\t\t<\/a>\n\t\t\t\t\t\t\t\t\t\t\t\t\t\t\t<\/div>\n\t\t\t\t<\/div>\n\t\t\t\t<div class=\"elementor-element elementor-element-c5906e7 elementor-widget__width-initial elementor-fixed elementor-widget elementor-widget-image\" data-id=\"c5906e7\" data-element_type=\"widget\" data-e-type=\"widget\" data-settings=\"{&quot;_position&quot;:&quot;fixed&quot;}\" data-widget_type=\"image.default\">\n\t\t\t\t<div class=\"elementor-widget-container\">\n\t\t\t\t\t\t\t\t\t\t\t\t\t\t\t<img decoding=\"async\" width=\"300\" height=\"300\" src=\"https:\/\/designinternational.uqam.ca\/2023\/wp-content\/uploads\/sites\/9\/2023\/06\/20230520_CARLES02.png\" class=\"attachment-full size-full wp-image-4787\" alt=\"\" srcset=\"https:\/\/designinternational.uqam.ca\/2023\/wp-content\/uploads\/sites\/9\/2023\/06\/20230520_CARLES02.png 300w, https:\/\/designinternational.uqam.ca\/2023\/wp-content\/uploads\/sites\/9\/2023\/06\/20230520_CARLES02-150x150.png 150w\" sizes=\"(max-width: 300px) 100vw, 300px\" \/>\t\t\t\t\t\t\t\t\t\t\t\t\t\t\t<\/div>\n\t\t\t\t<\/div>\n\t\t\t\t<div class=\"elementor-element elementor-element-1e31679 elementor-widget__width-initial elementor-fixed elementor-widget elementor-widget-image\" data-id=\"1e31679\" data-element_type=\"widget\" data-e-type=\"widget\" data-settings=\"{&quot;_position&quot;:&quot;fixed&quot;}\" data-widget_type=\"image.default\">\n\t\t\t\t<div class=\"elementor-widget-container\">\n\t\t\t\t\t\t\t\t\t\t\t\t\t\t\t\t<a href=\"https:\/\/designinternational.uqam.ca\/2023\/landing-page\/martin-hogue-jour-4\/\">\n\t\t\t\t\t\t\t<img decoding=\"async\" src=\"https:\/\/designinternational.uqam.ca\/2023\/wp-content\/uploads\/sites\/9\/elementor\/thumbs\/Screen-Shot-2023-05-02-at-2.05.21-PM-q5vszdpr2wfvq8n4tb86yakuhpo1zmjapxe37to6r0.png\" title=\"Screen Shot 2023-05-02 at 2.05.21 PM\" alt=\"Screen Shot 2023-05-02 at 2.05.21 PM\" loading=\"lazy\" \/>\t\t\t\t\t\t\t\t<\/a>\n\t\t\t\t\t\t\t\t\t\t\t\t\t\t\t<\/div>\n\t\t\t\t<\/div>\n\t\t\t\t<div class=\"elementor-element elementor-element-c9a2d07 elementor-widget__width-initial elementor-fixed elementor-widget elementor-widget-image\" data-id=\"c9a2d07\" data-element_type=\"widget\" data-e-type=\"widget\" data-settings=\"{&quot;_position&quot;:&quot;fixed&quot;}\" data-widget_type=\"image.default\">\n\t\t\t\t<div class=\"elementor-widget-container\">\n\t\t\t\t\t\t\t\t\t\t\t\t\t\t\t<img decoding=\"async\" width=\"300\" height=\"300\" src=\"https:\/\/designinternational.uqam.ca\/2023\/wp-content\/uploads\/sites\/9\/2023\/06\/20230520_CARLES03.png\" class=\"attachment-full size-full wp-image-4791\" alt=\"\" srcset=\"https:\/\/designinternational.uqam.ca\/2023\/wp-content\/uploads\/sites\/9\/2023\/06\/20230520_CARLES03.png 300w, https:\/\/designinternational.uqam.ca\/2023\/wp-content\/uploads\/sites\/9\/2023\/06\/20230520_CARLES03-150x150.png 150w\" sizes=\"(max-width: 300px) 100vw, 300px\" \/>\t\t\t\t\t\t\t\t\t\t\t\t\t\t\t<\/div>\n\t\t\t\t<\/div>\n\t\t\t\t<div class=\"elementor-element elementor-element-1f677c7 elementor-widget__width-initial elementor-fixed elementor-widget elementor-widget-image\" data-id=\"1f677c7\" data-element_type=\"widget\" data-e-type=\"widget\" data-settings=\"{&quot;_position&quot;:&quot;fixed&quot;}\" data-widget_type=\"image.default\">\n\t\t\t\t<div class=\"elementor-widget-container\">\n\t\t\t\t\t\t\t\t\t\t\t\t\t\t\t<img loading=\"lazy\" decoding=\"async\" width=\"300\" height=\"300\" src=\"https:\/\/designinternational.uqam.ca\/2023\/wp-content\/uploads\/sites\/9\/2023\/06\/20230520_CARLES04.png\" class=\"attachment-full size-full wp-image-4792\" alt=\"\" srcset=\"https:\/\/designinternational.uqam.ca\/2023\/wp-content\/uploads\/sites\/9\/2023\/06\/20230520_CARLES04.png 300w, https:\/\/designinternational.uqam.ca\/2023\/wp-content\/uploads\/sites\/9\/2023\/06\/20230520_CARLES04-150x150.png 150w\" sizes=\"(max-width: 300px) 100vw, 300px\" \/>\t\t\t\t\t\t\t\t\t\t\t\t\t\t\t<\/div>\n\t\t\t\t<\/div>\n\t\t\t\t<div class=\"elementor-element elementor-element-7dd51de elementor-widget__width-initial elementor-fixed elementor-widget elementor-widget-image\" data-id=\"7dd51de\" data-element_type=\"widget\" data-e-type=\"widget\" data-settings=\"{&quot;_position&quot;:&quot;fixed&quot;}\" data-widget_type=\"image.default\">\n\t\t\t\t<div class=\"elementor-widget-container\">\n\t\t\t\t\t\t\t\t\t\t\t\t\t\t\t\t<a href=\"https:\/\/designinternational.uqam.ca\/2023\/landing-page\/martin-hogue-jour-7\/\">\n\t\t\t\t\t\t\t<img decoding=\"async\" src=\"https:\/\/designinternational.uqam.ca\/2023\/wp-content\/uploads\/sites\/9\/elementor\/thumbs\/Screen-Shot-2023-05-02-at-2.05.21-PM-q5vszdpr2wfvq8n4tb86yakuhpo1zmjapxe37to6r0.png\" title=\"Screen Shot 2023-05-02 at 2.05.21 PM\" alt=\"Screen Shot 2023-05-02 at 2.05.21 PM\" loading=\"lazy\" \/>\t\t\t\t\t\t\t\t<\/a>\n\t\t\t\t\t\t\t\t\t\t\t\t\t\t\t<\/div>\n\t\t\t\t<\/div>\n\t\t\t\t\t<\/div>\n\t\t<\/div>\n\t\t\t\t\t<\/div>\n\t\t<\/section>\n\t\t\t\t<section class=\"elementor-section elementor-top-section elementor-element elementor-element-c65caee elementor-section-boxed elementor-section-height-default elementor-section-height-default\" data-id=\"c65caee\" data-element_type=\"section\" data-e-type=\"section\">\n\t\t\t\t\t\t<div class=\"elementor-container elementor-column-gap-default\">\n\t\t\t\t\t<div class=\"elementor-column elementor-col-100 elementor-top-column elementor-element elementor-element-d5814a8\" data-id=\"d5814a8\" data-element_type=\"column\" data-e-type=\"column\">\n\t\t\t<div class=\"elementor-widget-wrap elementor-element-populated\">\n\t\t\t\t\t\t<div class=\"elementor-element elementor-element-18e8f35 elementor-widget elementor-widget-spacer\" data-id=\"18e8f35\" data-element_type=\"widget\" data-e-type=\"widget\" data-widget_type=\"spacer.default\">\n\t\t\t\t<div class=\"elementor-widget-container\">\n\t\t\t\t\t\t\t<div class=\"elementor-spacer\">\n\t\t\t<div class=\"elementor-spacer-inner\"><\/div>\n\t\t<\/div>\n\t\t\t\t\t\t<\/div>\n\t\t\t\t<\/div>\n\t\t\t\t\t<\/div>\n\t\t<\/div>\n\t\t\t\t\t<\/div>\n\t\t<\/section>\n\t\t\t\t<section class=\"elementor-section elementor-top-section elementor-element elementor-element-1d91541 elementor-section-full_width elementor-section-height-default elementor-section-height-default\" data-id=\"1d91541\" data-element_type=\"section\" data-e-type=\"section\">\n\t\t\t\t\t\t<div class=\"elementor-container elementor-column-gap-no\">\n\t\t\t\t\t<div class=\"elementor-column elementor-col-50 elementor-top-column elementor-element elementor-element-1530eb2\" data-id=\"1530eb2\" data-element_type=\"column\" data-e-type=\"column\">\n\t\t\t<div class=\"elementor-widget-wrap elementor-element-populated\">\n\t\t\t\t\t\t<section class=\"elementor-section elementor-inner-section elementor-element elementor-element-f341289 elementor-section-boxed elementor-section-height-default elementor-section-height-default\" data-id=\"f341289\" data-element_type=\"section\" data-e-type=\"section\">\n\t\t\t\t\t\t<div class=\"elementor-container elementor-column-gap-default\">\n\t\t\t\t\t<div class=\"elementor-column elementor-col-50 elementor-inner-column elementor-element elementor-element-40e5989\" data-id=\"40e5989\" data-element_type=\"column\" data-e-type=\"column\">\n\t\t\t<div class=\"elementor-widget-wrap elementor-element-populated\">\n\t\t\t\t\t\t<div class=\"elementor-element elementor-element-3567a26 elementor-widget elementor-widget-text-editor\" data-id=\"3567a26\" data-element_type=\"widget\" data-e-type=\"widget\" data-widget_type=\"text-editor.default\">\n\t\t\t\t<div class=\"elementor-widget-container\">\n\t\t\t\t\t\t\t\t\t<p><a href=\"https:\/\/www.lacol.coop\/\">lacol.coop<\/a><\/p>\t\t\t\t\t\t\t\t<\/div>\n\t\t\t\t<\/div>\n\t\t\t\t\t<\/div>\n\t\t<\/div>\n\t\t\t\t<div class=\"elementor-column elementor-col-50 elementor-inner-column elementor-element elementor-element-4a465be\" data-id=\"4a465be\" data-element_type=\"column\" data-e-type=\"column\">\n\t\t\t<div class=\"elementor-widget-wrap elementor-element-populated\">\n\t\t\t\t\t\t<div class=\"elementor-element elementor-element-8e2343e elementor-widget elementor-widget-text-editor\" data-id=\"8e2343e\" data-element_type=\"widget\" data-e-type=\"widget\" data-widget_type=\"text-editor.default\">\n\t\t\t\t<div class=\"elementor-widget-container\">\n\t\t\t\t\t\t\t\t\t<p>Invit\u00e9e de<span class=\"Apple-converted-space\">\u00a0<\/span>MARK PODDUBIUK<\/p>\t\t\t\t\t\t\t\t<\/div>\n\t\t\t\t<\/div>\n\t\t\t\t\t<\/div>\n\t\t<\/div>\n\t\t\t\t\t<\/div>\n\t\t<\/section>\n\t\t\t\t\t<\/div>\n\t\t<\/div>\n\t\t\t\t<div class=\"elementor-column elementor-col-50 elementor-top-column elementor-element elementor-element-5b385da\" data-id=\"5b385da\" data-element_type=\"column\" data-e-type=\"column\">\n\t\t\t<div class=\"elementor-widget-wrap elementor-element-populated\">\n\t\t\t\t\t\t\t<\/div>\n\t\t<\/div>\n\t\t\t\t\t<\/div>\n\t\t<\/section>\n\t\t\t\t<section class=\"elementor-section elementor-top-section elementor-element elementor-element-13ae4be elementor-section-boxed elementor-section-height-default elementor-section-height-default\" data-id=\"13ae4be\" data-element_type=\"section\" data-e-type=\"section\">\n\t\t\t\t\t\t<div class=\"elementor-container elementor-column-gap-default\">\n\t\t\t\t\t<div class=\"elementor-column elementor-col-100 elementor-top-column elementor-element elementor-element-29028ac\" data-id=\"29028ac\" data-element_type=\"column\" data-e-type=\"column\">\n\t\t\t<div class=\"elementor-widget-wrap elementor-element-populated\">\n\t\t\t\t\t\t<div class=\"elementor-element elementor-element-9dbbf27 elementor-widget elementor-widget-spacer\" data-id=\"9dbbf27\" data-element_type=\"widget\" data-e-type=\"widget\" data-widget_type=\"spacer.default\">\n\t\t\t\t<div class=\"elementor-widget-container\">\n\t\t\t\t\t\t\t<div class=\"elementor-spacer\">\n\t\t\t<div class=\"elementor-spacer-inner\"><\/div>\n\t\t<\/div>\n\t\t\t\t\t\t<\/div>\n\t\t\t\t<\/div>\n\t\t\t\t\t<\/div>\n\t\t<\/div>\n\t\t\t\t\t<\/div>\n\t\t<\/section>\n\t\t\t\t<section class=\"elementor-section elementor-top-section elementor-element elementor-element-0335e72 elementor-section-full_width elementor-section-height-default elementor-section-height-default\" data-id=\"0335e72\" data-element_type=\"section\" data-e-type=\"section\">\n\t\t\t\t\t\t<div class=\"elementor-container elementor-column-gap-no\">\n\t\t\t\t\t<div class=\"elementor-column elementor-col-33 elementor-top-column elementor-element elementor-element-c1fc566\" data-id=\"c1fc566\" data-element_type=\"column\" data-e-type=\"column\">\n\t\t\t<div class=\"elementor-widget-wrap elementor-element-populated\">\n\t\t\t\t\t\t<div class=\"elementor-element elementor-element-fd297c2 elementor-widget elementor-widget-text-editor\" data-id=\"fd297c2\" data-element_type=\"widget\" data-e-type=\"widget\" data-widget_type=\"text-editor.default\">\n\t\t\t\t<div class=\"elementor-widget-container\">\n\t\t\t\t\t\t\t\t\t<p>Centre de Design<br \/>1440 Rue Sanguinet,<br \/>Pavillon de Design de l\u2019UQAM<br \/><a href=\"https:\/\/www.instagram.com\/ecoledesignuqam\/?hl=fr\">@ecoledesignuqam<\/a><\/p>\t\t\t\t\t\t\t\t<\/div>\n\t\t\t\t<\/div>\n\t\t\t\t\t<\/div>\n\t\t<\/div>\n\t\t\t\t<div class=\"elementor-column elementor-col-66 elementor-top-column elementor-element elementor-element-4f3f108\" data-id=\"4f3f108\" data-element_type=\"column\" data-e-type=\"column\">\n\t\t\t<div class=\"elementor-widget-wrap\">\n\t\t\t\t\t\t\t<\/div>\n\t\t<\/div>\n\t\t\t\t\t<\/div>\n\t\t<\/section>\n\t\t\t\t<\/div>\n\t\t","protected":false},"excerpt":{"rendered":"<p>CARLES BAIGES CAMPRUB\u00ed \u00c9DIFICE JOUR 08 SAMEDI &#8211; JOUR 08 La visite des ateliers se termine au quatri\u00e8me \u00e9tage, o\u00f9 sont expos\u00e9s les projets de l\u2019atelier de Carles. Plus t\u00f4t ce matin, les \u00e9tudiants ont pr\u00e9sent\u00e9 leur concept final aux professeurs et invit\u00e9s, accompagn\u00e9s d\u2019un diaporama projet\u00e9 sur un \u00e9cran. Maintenant, ce sont des affiches [&hellip;]<\/p>\n","protected":false},"author":123461,"featured_media":0,"parent":10,"menu_order":0,"comment_status":"closed","ping_status":"closed","template":"","meta":{"footnotes":""},"class_list":["post-2874","page","type-page","status-publish","hentry"],"_links":{"self":[{"href":"https:\/\/designinternational.uqam.ca\/2023\/wp-json\/wp\/v2\/pages\/2874","targetHints":{"allow":["GET"]}}],"collection":[{"href":"https:\/\/designinternational.uqam.ca\/2023\/wp-json\/wp\/v2\/pages"}],"about":[{"href":"https:\/\/designinternational.uqam.ca\/2023\/wp-json\/wp\/v2\/types\/page"}],"author":[{"embeddable":true,"href":"https:\/\/designinternational.uqam.ca\/2023\/wp-json\/wp\/v2\/users\/123461"}],"replies":[{"embeddable":true,"href":"https:\/\/designinternational.uqam.ca\/2023\/wp-json\/wp\/v2\/comments?post=2874"}],"version-history":[{"count":26,"href":"https:\/\/designinternational.uqam.ca\/2023\/wp-json\/wp\/v2\/pages\/2874\/revisions"}],"predecessor-version":[{"id":4800,"href":"https:\/\/designinternational.uqam.ca\/2023\/wp-json\/wp\/v2\/pages\/2874\/revisions\/4800"}],"up":[{"embeddable":true,"href":"https:\/\/designinternational.uqam.ca\/2023\/wp-json\/wp\/v2\/pages\/10"}],"wp:attachment":[{"href":"https:\/\/designinternational.uqam.ca\/2023\/wp-json\/wp\/v2\/media?parent=2874"}],"curies":[{"name":"wp","href":"https:\/\/api.w.org\/{rel}","templated":true}]}}