{"id":2710,"date":"2023-05-02T16:41:33","date_gmt":"2023-05-02T20:41:33","guid":{"rendered":"https:\/\/designinternational.uqam.ca\/2023\/landing-page\/carles-baiges-camprubi-jour-05-copy\/"},"modified":"2023-05-23T12:08:47","modified_gmt":"2023-05-23T16:08:47","slug":"carles-baiges-camprubi-jour-06","status":"publish","type":"page","link":"https:\/\/designinternational.uqam.ca\/2023\/landing-page\/carles-baiges-camprubi-jour-06\/","title":{"rendered":"CARLES BAIGES CAMPRUB\u00ed-JOUR-06"},"content":{"rendered":"\t\t<div data-elementor-type=\"wp-page\" data-elementor-id=\"2710\" class=\"elementor elementor-2710\">\n\t\t\t\t\t\t<section class=\"elementor-section elementor-top-section elementor-element elementor-element-e8d71ea elementor-section-boxed elementor-section-height-default elementor-section-height-default\" data-id=\"e8d71ea\" data-element_type=\"section\" data-e-type=\"section\">\n\t\t\t\t\t\t<div class=\"elementor-container elementor-column-gap-default\">\n\t\t\t\t\t<div class=\"elementor-column elementor-col-100 elementor-top-column elementor-element elementor-element-2c8f608\" data-id=\"2c8f608\" data-element_type=\"column\" data-e-type=\"column\">\n\t\t\t<div class=\"elementor-widget-wrap elementor-element-populated\">\n\t\t\t\t\t\t<div class=\"elementor-element elementor-element-e8877d6 elementor-widget elementor-widget-spacer\" data-id=\"e8877d6\" data-element_type=\"widget\" data-e-type=\"widget\" data-widget_type=\"spacer.default\">\n\t\t\t\t<div class=\"elementor-widget-container\">\n\t\t\t\t\t\t\t<div class=\"elementor-spacer\">\n\t\t\t<div class=\"elementor-spacer-inner\"><\/div>\n\t\t<\/div>\n\t\t\t\t\t\t<\/div>\n\t\t\t\t<\/div>\n\t\t\t\t\t<\/div>\n\t\t<\/div>\n\t\t\t\t\t<\/div>\n\t\t<\/section>\n\t\t\t\t<section class=\"elementor-section elementor-top-section elementor-element elementor-element-d28286b elementor-section-content-middle elementor-section-full_width elementor-section-height-default elementor-section-height-default\" data-id=\"d28286b\" data-element_type=\"section\" data-e-type=\"section\">\n\t\t\t\t\t\t<div class=\"elementor-container elementor-column-gap-no\">\n\t\t\t\t\t<div class=\"elementor-column elementor-col-100 elementor-top-column elementor-element elementor-element-ba15d07\" data-id=\"ba15d07\" data-element_type=\"column\" data-e-type=\"column\" data-settings=\"{&quot;background_background&quot;:&quot;classic&quot;}\">\n\t\t\t<div class=\"elementor-widget-wrap elementor-element-populated\">\n\t\t\t\t\t\t<div class=\"elementor-element elementor-element-20361da elementor-widget__width-initial elementor-widget elementor-widget-heading\" data-id=\"20361da\" data-element_type=\"widget\" data-e-type=\"widget\" data-widget_type=\"heading.default\">\n\t\t\t\t<div class=\"elementor-widget-container\">\n\t\t\t\t\t<h1 class=\"elementor-heading-title elementor-size-default\"><a href=\"https:\/\/designinternational.uqam.ca\/2023\/landing-page\/carles-baiges-camprubi\/\">CARLES BAIGES CAMPRUB\u00ed<br><\/a><\/h1>\t\t\t\t<\/div>\n\t\t\t\t<\/div>\n\t\t\t\t\t<\/div>\n\t\t<\/div>\n\t\t\t\t\t<\/div>\n\t\t<\/section>\n\t\t\t\t<section class=\"elementor-section elementor-top-section elementor-element elementor-element-6ce2b8e elementor-section-content-middle elementor-section-boxed elementor-section-height-default elementor-section-height-default\" data-id=\"6ce2b8e\" data-element_type=\"section\" data-e-type=\"section\">\n\t\t\t\t\t\t<div class=\"elementor-container elementor-column-gap-default\">\n\t\t\t\t\t<div class=\"elementor-column elementor-col-50 elementor-top-column elementor-element elementor-element-638285c\" data-id=\"638285c\" data-element_type=\"column\" data-e-type=\"column\">\n\t\t\t<div class=\"elementor-widget-wrap elementor-element-populated\">\n\t\t\t\t\t\t<div class=\"elementor-element elementor-element-fcbbb53 elementor-widget__width-initial elementor-widget elementor-widget-text-editor\" data-id=\"fcbbb53\" data-element_type=\"widget\" data-e-type=\"widget\" data-widget_type=\"text-editor.default\">\n\t\t\t\t<div class=\"elementor-widget-container\">\n\t\t\t\t\t\t\t\t\t<p>\u00c9DIFICE<\/p>\t\t\t\t\t\t\t\t<\/div>\n\t\t\t\t<\/div>\n\t\t\t\t\t<\/div>\n\t\t<\/div>\n\t\t\t\t<div class=\"elementor-column elementor-col-50 elementor-top-column elementor-element elementor-element-4e480fc\" data-id=\"4e480fc\" data-element_type=\"column\" data-e-type=\"column\">\n\t\t\t<div class=\"elementor-widget-wrap elementor-element-populated\">\n\t\t\t\t\t\t<div class=\"elementor-element elementor-element-b236c48 elementor-widget__width-initial elementor-widget elementor-widget-text-editor\" data-id=\"b236c48\" data-element_type=\"widget\" data-e-type=\"widget\" data-widget_type=\"text-editor.default\">\n\t\t\t\t<div class=\"elementor-widget-container\">\n\t\t\t\t\t\t\t\t\t<p>JOUR 06<\/p>\t\t\t\t\t\t\t\t<\/div>\n\t\t\t\t<\/div>\n\t\t\t\t\t<\/div>\n\t\t<\/div>\n\t\t\t\t\t<\/div>\n\t\t<\/section>\n\t\t\t\t<section class=\"elementor-section elementor-top-section elementor-element elementor-element-8582ed1 elementor-section-full_width elementor-section-height-default elementor-section-height-default\" data-id=\"8582ed1\" data-element_type=\"section\" data-e-type=\"section\">\n\t\t\t\t\t\t<div class=\"elementor-container elementor-column-gap-default\">\n\t\t\t\t\t<div class=\"elementor-column elementor-col-66 elementor-top-column elementor-element elementor-element-d2e52d6\" data-id=\"d2e52d6\" data-element_type=\"column\" data-e-type=\"column\">\n\t\t\t<div class=\"elementor-widget-wrap elementor-element-populated\">\n\t\t\t\t\t\t<div class=\"elementor-element elementor-element-d374fec elementor-widget__width-initial elementor-widget elementor-widget-text-editor\" data-id=\"d374fec\" data-element_type=\"widget\" data-e-type=\"widget\" data-widget_type=\"text-editor.default\">\n\t\t\t\t<div class=\"elementor-widget-container\">\n\t\t\t\t\t\t\t\t\t<p><span style=\"font-family: Helvetica;\">JEUDI &#8211; JOUR 06<\/span><\/p><p><span style=\"font-family: Helvetica;\"><span class=\"TextRun SCXW185079052 BCX0\" lang=\"FR-FR\" xml:lang=\"FR-FR\" data-contrast=\"none\"><span class=\"NormalTextRun SCXW185079052 BCX0\">En vue de la remise interm\u00e9diaire de l\u2019apr\u00e8s-midi, les \u00e9tudiants d\u00e9veloppent, peaufinent, justifient et illustrent leurs concepts. On dessine, on discute en \u00e9quipe et on <\/span><span class=\"NormalTextRun SCXW185079052 BCX0\">recentre les objectifs de tout un chacun, afin de respecter l\u2019\u00e9ch\u00e9ance qui arrive \u00e0 toute allure.<\/span><span class=\"NormalTextRun SCXW185079052 BCX0\"> C\u2019est une t\u00e2che difficile <\/span><span class=\"NormalTextRun SCXW185079052 BCX0\">d\u2019arriver \u00e0 une proposition d\u2019am\u00e9nagement en si peu de temps, mais les \u00e9tudiants<\/span><span class=\"NormalTextRun SCXW185079052 BCX0\"> r\u00e9ussissent tous \u00e0 pr\u00e9senter leur concept en apr\u00e8s-midi. \u00c0 18 heures, ils se r\u00e9unissent <\/span><span class=\"NormalTextRun SCXW185079052 BCX0\">au troisi\u00e8me \u00e9tage de l\u2019\u00e9cole pour assister \u00e0 une conf\u00e9rence <\/span><span class=\"NormalTextRun SCXW185079052 BCX0\">du<\/span><span class=\"NormalTextRun SCXW185079052 BCX0\"> professeur invit\u00e9, Carles <\/span><span class=\"NormalTextRun SpellingErrorV2Themed SCXW185079052 BCX0\">Baiges<\/span> <span class=\"NormalTextRun SpellingErrorV2Themed SCXW185079052 BCX0\">Camprub\u00ec<\/span><span class=\"NormalTextRun SCXW185079052 BCX0\">, sur le d\u00e9veloppe<\/span><span class=\"NormalTextRun SCXW185079052 BCX0\">ment du mod\u00e8le de coop\u00e9rative d\u2019habitation en Catalogne.<\/span><\/span><span class=\"EOP SCXW185079052 BCX0\" data-ccp-props=\"{&quot;134233117&quot;:false,&quot;134233118&quot;:false,&quot;201341983&quot;:0,&quot;335551550&quot;:1,&quot;335551620&quot;:1,&quot;335559685&quot;:0,&quot;335559737&quot;:0,&quot;335559738&quot;:0,&quot;335559739&quot;:160,&quot;335559740&quot;:259}\">\u00a0<\/span><\/span><\/p>\t\t\t\t\t\t\t\t<\/div>\n\t\t\t\t<\/div>\n\t\t\t\t\t<\/div>\n\t\t<\/div>\n\t\t\t\t<div class=\"elementor-column elementor-col-33 elementor-top-column elementor-element elementor-element-c211b0c\" data-id=\"c211b0c\" data-element_type=\"column\" data-e-type=\"column\">\n\t\t\t<div class=\"elementor-widget-wrap elementor-element-populated\">\n\t\t\t\t\t\t<div class=\"elementor-element elementor-element-ad0f7f2 elementor-widget__width-initial elementor-fixed elementor-widget elementor-widget-image\" data-id=\"ad0f7f2\" data-element_type=\"widget\" data-e-type=\"widget\" data-settings=\"{&quot;_position&quot;:&quot;fixed&quot;}\" data-widget_type=\"image.default\">\n\t\t\t\t<div class=\"elementor-widget-container\">\n\t\t\t\t\t\t\t\t\t\t\t\t\t\t\t\t<a href=\"https:\/\/designinternational.uqam.ca\/2023\/landing-page\/carles-baiges-camprubi-jour-01\/\">\n\t\t\t\t\t\t\t<img decoding=\"async\" src=\"https:\/\/designinternational.uqam.ca\/2023\/wp-content\/uploads\/sites\/9\/elementor\/thumbs\/Screen-Shot-2023-05-02-at-2.05.21-PM-q5vszdpr2wfvq8n4tb86yakuhpo1zmjapxe37to6r0.png\" title=\"Screen Shot 2023-05-02 at 2.05.21 PM\" alt=\"Screen Shot 2023-05-02 at 2.05.21 PM\" loading=\"lazy\" \/>\t\t\t\t\t\t\t\t<\/a>\n\t\t\t\t\t\t\t\t\t\t\t\t\t\t\t<\/div>\n\t\t\t\t<\/div>\n\t\t\t\t<div class=\"elementor-element elementor-element-1602dbd elementor-widget__width-initial elementor-fixed elementor-widget elementor-widget-image\" data-id=\"1602dbd\" data-element_type=\"widget\" data-e-type=\"widget\" data-settings=\"{&quot;_position&quot;:&quot;fixed&quot;}\" data-widget_type=\"image.default\">\n\t\t\t\t<div class=\"elementor-widget-container\">\n\t\t\t\t\t\t\t\t\t\t\t\t\t\t\t\t<a href=\"https:\/\/designinternational.uqam.ca\/2023\/landing-page\/carles-baiges-camprubi-jour-02\/\">\n\t\t\t\t\t\t\t<img decoding=\"async\" src=\"https:\/\/designinternational.uqam.ca\/2023\/wp-content\/uploads\/sites\/9\/elementor\/thumbs\/Screen-Shot-2023-05-02-at-2.05.21-PM-q5vszdpr2wfvq8n4tb86yakuhpo1zmjapxe37to6r0.png\" title=\"Screen Shot 2023-05-02 at 2.05.21 PM\" alt=\"Screen Shot 2023-05-02 at 2.05.21 PM\" loading=\"lazy\" \/>\t\t\t\t\t\t\t\t<\/a>\n\t\t\t\t\t\t\t\t\t\t\t\t\t\t\t<\/div>\n\t\t\t\t<\/div>\n\t\t\t\t<div class=\"elementor-element elementor-element-0909e03 elementor-widget__width-initial elementor-fixed elementor-widget elementor-widget-image\" data-id=\"0909e03\" data-element_type=\"widget\" data-e-type=\"widget\" data-settings=\"{&quot;_position&quot;:&quot;fixed&quot;}\" data-widget_type=\"image.default\">\n\t\t\t\t<div class=\"elementor-widget-container\">\n\t\t\t\t\t\t\t\t\t\t\t\t\t\t\t\t<a href=\"https:\/\/designinternational.uqam.ca\/2023\/landing-page\/carles-baiges-camprubi-jour-03\/\">\n\t\t\t\t\t\t\t<img decoding=\"async\" src=\"https:\/\/designinternational.uqam.ca\/2023\/wp-content\/uploads\/sites\/9\/elementor\/thumbs\/Screen-Shot-2023-05-02-at-2.05.21-PM-q5vszdpr2wfvq8n4tb86yakuhpo1zmjapxe37to6r0.png\" title=\"Screen Shot 2023-05-02 at 2.05.21 PM\" alt=\"Screen Shot 2023-05-02 at 2.05.21 PM\" loading=\"lazy\" \/>\t\t\t\t\t\t\t\t<\/a>\n\t\t\t\t\t\t\t\t\t\t\t\t\t\t\t<\/div>\n\t\t\t\t<\/div>\n\t\t\t\t<div class=\"elementor-element elementor-element-aa7dfcd elementor-widget__width-initial elementor-fixed elementor-widget elementor-widget-image\" data-id=\"aa7dfcd\" data-element_type=\"widget\" data-e-type=\"widget\" data-settings=\"{&quot;_position&quot;:&quot;fixed&quot;}\" data-widget_type=\"image.default\">\n\t\t\t\t<div class=\"elementor-widget-container\">\n\t\t\t\t\t\t\t\t\t\t\t\t\t\t\t\t<a href=\"https:\/\/designinternational.uqam.ca\/2023\/landing-page\/carles-baiges-camprubi-jour-04\/\">\n\t\t\t\t\t\t\t<img decoding=\"async\" src=\"https:\/\/designinternational.uqam.ca\/2023\/wp-content\/uploads\/sites\/9\/elementor\/thumbs\/Screen-Shot-2023-05-02-at-2.05.21-PM-q5vszdpr2wfvq8n4tb86yakuhpo1zmjapxe37to6r0.png\" title=\"Screen Shot 2023-05-02 at 2.05.21 PM\" alt=\"Screen Shot 2023-05-02 at 2.05.21 PM\" loading=\"lazy\" \/>\t\t\t\t\t\t\t\t<\/a>\n\t\t\t\t\t\t\t\t\t\t\t\t\t\t\t<\/div>\n\t\t\t\t<\/div>\n\t\t\t\t<div class=\"elementor-element elementor-element-fef743c elementor-widget__width-initial elementor-fixed elementor-widget elementor-widget-image\" data-id=\"fef743c\" data-element_type=\"widget\" data-e-type=\"widget\" data-settings=\"{&quot;_position&quot;:&quot;fixed&quot;}\" data-widget_type=\"image.default\">\n\t\t\t\t<div class=\"elementor-widget-container\">\n\t\t\t\t\t\t\t\t\t\t\t\t\t\t\t\t<a href=\"https:\/\/designinternational.uqam.ca\/2023\/landing-page\/carles-baiges-camprubi-jour-06\/\">\n\t\t\t\t\t\t\t<img decoding=\"async\" src=\"https:\/\/designinternational.uqam.ca\/2023\/wp-content\/uploads\/sites\/9\/elementor\/thumbs\/Screen-Shot-2023-05-02-at-2.05.21-PM-q5vszdpr2wfvq8n4tb86yakuhpo1zmjapxe37to6r0.png\" title=\"Screen Shot 2023-05-02 at 2.05.21 PM\" alt=\"Screen Shot 2023-05-02 at 2.05.21 PM\" loading=\"lazy\" \/>\t\t\t\t\t\t\t\t<\/a>\n\t\t\t\t\t\t\t\t\t\t\t\t\t\t\t<\/div>\n\t\t\t\t<\/div>\n\t\t\t\t<div class=\"elementor-element elementor-element-ccef467 elementor-widget__width-initial elementor-fixed elementor-widget elementor-widget-image\" data-id=\"ccef467\" data-element_type=\"widget\" data-e-type=\"widget\" data-settings=\"{&quot;_position&quot;:&quot;fixed&quot;}\" data-widget_type=\"image.default\">\n\t\t\t\t<div class=\"elementor-widget-container\">\n\t\t\t\t\t\t\t\t\t\t\t\t\t\t\t\t<a href=\"https:\/\/designinternational.uqam.ca\/2023\/landing-page\/carles-baiges-camprubi-jour-05\/\">\n\t\t\t\t\t\t\t<img decoding=\"async\" src=\"https:\/\/designinternational.uqam.ca\/2023\/wp-content\/uploads\/sites\/9\/elementor\/thumbs\/Screen-Shot-2023-05-02-at-2.05.21-PM-q5vszdpr2wfvq8n4tb86yakuhpo1zmjapxe37to6r0.png\" title=\"Screen Shot 2023-05-02 at 2.05.21 PM\" alt=\"Screen Shot 2023-05-02 at 2.05.21 PM\" loading=\"lazy\" \/>\t\t\t\t\t\t\t\t<\/a>\n\t\t\t\t\t\t\t\t\t\t\t\t\t\t\t<\/div>\n\t\t\t\t<\/div>\n\t\t\t\t<div class=\"elementor-element elementor-element-c22263b elementor-widget__width-initial elementor-fixed elementor-widget elementor-widget-image\" data-id=\"c22263b\" data-element_type=\"widget\" data-e-type=\"widget\" data-settings=\"{&quot;_position&quot;:&quot;fixed&quot;}\" data-widget_type=\"image.default\">\n\t\t\t\t<div class=\"elementor-widget-container\">\n\t\t\t\t\t\t\t\t\t\t\t\t\t\t\t\t<a href=\"https:\/\/designinternational.uqam.ca\/2023\/landing-page\/carles-baiges-camprubi-jour-07\/\">\n\t\t\t\t\t\t\t<img decoding=\"async\" src=\"https:\/\/designinternational.uqam.ca\/2023\/wp-content\/uploads\/sites\/9\/elementor\/thumbs\/Screen-Shot-2023-05-02-at-2.05.21-PM-q5vszdpr2wfvq8n4tb86yakuhpo1zmjapxe37to6r0.png\" title=\"Screen Shot 2023-05-02 at 2.05.21 PM\" alt=\"Screen Shot 2023-05-02 at 2.05.21 PM\" loading=\"lazy\" \/>\t\t\t\t\t\t\t\t<\/a>\n\t\t\t\t\t\t\t\t\t\t\t\t\t\t\t<\/div>\n\t\t\t\t<\/div>\n\t\t\t\t\t<\/div>\n\t\t<\/div>\n\t\t\t\t\t<\/div>\n\t\t<\/section>\n\t\t\t\t<section class=\"elementor-section elementor-top-section elementor-element elementor-element-ad141c4 elementor-section-boxed elementor-section-height-default elementor-section-height-default\" data-id=\"ad141c4\" data-element_type=\"section\" data-e-type=\"section\">\n\t\t\t\t\t\t<div class=\"elementor-container elementor-column-gap-default\">\n\t\t\t\t\t<div class=\"elementor-column elementor-col-100 elementor-top-column elementor-element elementor-element-60be357\" data-id=\"60be357\" data-element_type=\"column\" data-e-type=\"column\">\n\t\t\t<div class=\"elementor-widget-wrap elementor-element-populated\">\n\t\t\t\t\t\t<div class=\"elementor-element elementor-element-1f838a5 elementor-widget elementor-widget-spacer\" data-id=\"1f838a5\" data-element_type=\"widget\" data-e-type=\"widget\" data-widget_type=\"spacer.default\">\n\t\t\t\t<div class=\"elementor-widget-container\">\n\t\t\t\t\t\t\t<div class=\"elementor-spacer\">\n\t\t\t<div class=\"elementor-spacer-inner\"><\/div>\n\t\t<\/div>\n\t\t\t\t\t\t<\/div>\n\t\t\t\t<\/div>\n\t\t\t\t\t<\/div>\n\t\t<\/div>\n\t\t\t\t\t<\/div>\n\t\t<\/section>\n\t\t\t\t<section class=\"elementor-section elementor-top-section elementor-element elementor-element-1d91541 elementor-section-full_width elementor-section-height-default elementor-section-height-default\" data-id=\"1d91541\" data-element_type=\"section\" data-e-type=\"section\">\n\t\t\t\t\t\t<div class=\"elementor-container elementor-column-gap-no\">\n\t\t\t\t\t<div class=\"elementor-column elementor-col-50 elementor-top-column elementor-element elementor-element-1530eb2\" data-id=\"1530eb2\" data-element_type=\"column\" data-e-type=\"column\">\n\t\t\t<div class=\"elementor-widget-wrap elementor-element-populated\">\n\t\t\t\t\t\t<section class=\"elementor-section elementor-inner-section elementor-element elementor-element-f341289 elementor-section-boxed elementor-section-height-default elementor-section-height-default\" data-id=\"f341289\" data-element_type=\"section\" data-e-type=\"section\">\n\t\t\t\t\t\t<div class=\"elementor-container elementor-column-gap-default\">\n\t\t\t\t\t<div class=\"elementor-column elementor-col-50 elementor-inner-column elementor-element elementor-element-40e5989\" data-id=\"40e5989\" data-element_type=\"column\" data-e-type=\"column\">\n\t\t\t<div class=\"elementor-widget-wrap elementor-element-populated\">\n\t\t\t\t\t\t<div class=\"elementor-element elementor-element-3567a26 elementor-widget elementor-widget-text-editor\" data-id=\"3567a26\" data-element_type=\"widget\" data-e-type=\"widget\" data-widget_type=\"text-editor.default\">\n\t\t\t\t<div class=\"elementor-widget-container\">\n\t\t\t\t\t\t\t\t\t<p><a href=\"https:\/\/www.lacol.coop\/\">lacol.coop<\/a><\/p>\t\t\t\t\t\t\t\t<\/div>\n\t\t\t\t<\/div>\n\t\t\t\t\t<\/div>\n\t\t<\/div>\n\t\t\t\t<div class=\"elementor-column elementor-col-50 elementor-inner-column elementor-element elementor-element-4a465be\" data-id=\"4a465be\" data-element_type=\"column\" data-e-type=\"column\">\n\t\t\t<div class=\"elementor-widget-wrap elementor-element-populated\">\n\t\t\t\t\t\t<div class=\"elementor-element elementor-element-8e2343e elementor-widget elementor-widget-text-editor\" data-id=\"8e2343e\" data-element_type=\"widget\" data-e-type=\"widget\" data-widget_type=\"text-editor.default\">\n\t\t\t\t<div class=\"elementor-widget-container\">\n\t\t\t\t\t\t\t\t\t<p><span style=\"font-family: Helvetica;\">Invit\u00e9 de MARK PODDUBIUK<\/span><\/p>\t\t\t\t\t\t\t\t<\/div>\n\t\t\t\t<\/div>\n\t\t\t\t\t<\/div>\n\t\t<\/div>\n\t\t\t\t\t<\/div>\n\t\t<\/section>\n\t\t\t\t\t<\/div>\n\t\t<\/div>\n\t\t\t\t<div class=\"elementor-column elementor-col-50 elementor-top-column elementor-element elementor-element-5b385da\" data-id=\"5b385da\" data-element_type=\"column\" data-e-type=\"column\">\n\t\t\t<div class=\"elementor-widget-wrap elementor-element-populated\">\n\t\t\t\t\t\t\t<\/div>\n\t\t<\/div>\n\t\t\t\t\t<\/div>\n\t\t<\/section>\n\t\t\t\t<section class=\"elementor-section elementor-top-section elementor-element elementor-element-c65caee elementor-section-boxed elementor-section-height-default elementor-section-height-default\" data-id=\"c65caee\" data-element_type=\"section\" data-e-type=\"section\">\n\t\t\t\t\t\t<div class=\"elementor-container elementor-column-gap-default\">\n\t\t\t\t\t<div class=\"elementor-column elementor-col-100 elementor-top-column elementor-element elementor-element-d5814a8\" data-id=\"d5814a8\" data-element_type=\"column\" data-e-type=\"column\">\n\t\t\t<div class=\"elementor-widget-wrap elementor-element-populated\">\n\t\t\t\t\t\t<div class=\"elementor-element elementor-element-18e8f35 elementor-widget elementor-widget-spacer\" data-id=\"18e8f35\" data-element_type=\"widget\" data-e-type=\"widget\" data-widget_type=\"spacer.default\">\n\t\t\t\t<div class=\"elementor-widget-container\">\n\t\t\t\t\t\t\t<div class=\"elementor-spacer\">\n\t\t\t<div class=\"elementor-spacer-inner\"><\/div>\n\t\t<\/div>\n\t\t\t\t\t\t<\/div>\n\t\t\t\t<\/div>\n\t\t\t\t\t<\/div>\n\t\t<\/div>\n\t\t\t\t\t<\/div>\n\t\t<\/section>\n\t\t\t\t<section class=\"elementor-section elementor-top-section elementor-element elementor-element-0335e72 elementor-section-full_width elementor-section-height-default elementor-section-height-default\" data-id=\"0335e72\" data-element_type=\"section\" data-e-type=\"section\">\n\t\t\t\t\t\t<div class=\"elementor-container elementor-column-gap-no\">\n\t\t\t\t\t<div class=\"elementor-column elementor-col-33 elementor-top-column elementor-element elementor-element-c1fc566\" data-id=\"c1fc566\" data-element_type=\"column\" data-e-type=\"column\">\n\t\t\t<div class=\"elementor-widget-wrap elementor-element-populated\">\n\t\t\t\t\t\t<div class=\"elementor-element elementor-element-fd297c2 elementor-widget elementor-widget-text-editor\" data-id=\"fd297c2\" data-element_type=\"widget\" data-e-type=\"widget\" data-widget_type=\"text-editor.default\">\n\t\t\t\t<div class=\"elementor-widget-container\">\n\t\t\t\t\t\t\t\t\t<div class=\"\">\u00c9cole de Design &#8211; UQAM<\/div><div class=\"\">1440 Rue Sanguinet<br class=\"\" \/><a href=\"https:\/\/www.instagram.com\/ecoledesignuqam\/\">@ecoledesignuqam<\/a><\/div>\t\t\t\t\t\t\t\t<\/div>\n\t\t\t\t<\/div>\n\t\t\t\t\t<\/div>\n\t\t<\/div>\n\t\t\t\t<div class=\"elementor-column elementor-col-66 elementor-top-column elementor-element elementor-element-4f3f108\" data-id=\"4f3f108\" data-element_type=\"column\" data-e-type=\"column\">\n\t\t\t<div class=\"elementor-widget-wrap\">\n\t\t\t\t\t\t\t<\/div>\n\t\t<\/div>\n\t\t\t\t\t<\/div>\n\t\t<\/section>\n\t\t\t\t<\/div>\n\t\t","protected":false},"excerpt":{"rendered":"<p>CARLES BAIGES CAMPRUB\u00ed \u00c9DIFICE JOUR 06 JEUDI &#8211; JOUR 06 En vue de la remise interm\u00e9diaire de l\u2019apr\u00e8s-midi, les \u00e9tudiants d\u00e9veloppent, peaufinent, justifient et illustrent leurs concepts. On dessine, on discute en \u00e9quipe et on recentre les objectifs de tout un chacun, afin de respecter l\u2019\u00e9ch\u00e9ance qui arrive \u00e0 toute allure. C\u2019est une t\u00e2che difficile [&hellip;]<\/p>\n","protected":false},"author":123461,"featured_media":0,"parent":10,"menu_order":0,"comment_status":"closed","ping_status":"closed","template":"","meta":{"footnotes":""},"class_list":["post-2710","page","type-page","status-publish","hentry"],"_links":{"self":[{"href":"https:\/\/designinternational.uqam.ca\/2023\/wp-json\/wp\/v2\/pages\/2710","targetHints":{"allow":["GET"]}}],"collection":[{"href":"https:\/\/designinternational.uqam.ca\/2023\/wp-json\/wp\/v2\/pages"}],"about":[{"href":"https:\/\/designinternational.uqam.ca\/2023\/wp-json\/wp\/v2\/types\/page"}],"author":[{"embeddable":true,"href":"https:\/\/designinternational.uqam.ca\/2023\/wp-json\/wp\/v2\/users\/123461"}],"replies":[{"embeddable":true,"href":"https:\/\/designinternational.uqam.ca\/2023\/wp-json\/wp\/v2\/comments?post=2710"}],"version-history":[{"count":22,"href":"https:\/\/designinternational.uqam.ca\/2023\/wp-json\/wp\/v2\/pages\/2710\/revisions"}],"predecessor-version":[{"id":4683,"href":"https:\/\/designinternational.uqam.ca\/2023\/wp-json\/wp\/v2\/pages\/2710\/revisions\/4683"}],"up":[{"embeddable":true,"href":"https:\/\/designinternational.uqam.ca\/2023\/wp-json\/wp\/v2\/pages\/10"}],"wp:attachment":[{"href":"https:\/\/designinternational.uqam.ca\/2023\/wp-json\/wp\/v2\/media?parent=2710"}],"curies":[{"name":"wp","href":"https:\/\/api.w.org\/{rel}","templated":true}]}}