{"id":2705,"date":"2023-05-02T16:40:52","date_gmt":"2023-05-02T20:40:52","guid":{"rendered":"https:\/\/designinternational.uqam.ca\/2023\/landing-page\/y-copy\/"},"modified":"2023-05-18T15:08:13","modified_gmt":"2023-05-18T19:08:13","slug":"carles-baiges-camprubi-jour-05","status":"publish","type":"page","link":"https:\/\/designinternational.uqam.ca\/2023\/landing-page\/carles-baiges-camprubi-jour-05\/","title":{"rendered":"CARLES BAIGES CAMPRUB\u00ed-JOUR-05"},"content":{"rendered":"\t\t<div data-elementor-type=\"wp-page\" data-elementor-id=\"2705\" class=\"elementor elementor-2705\">\n\t\t\t\t\t\t<section class=\"elementor-section elementor-top-section elementor-element elementor-element-e8d71ea elementor-section-boxed elementor-section-height-default elementor-section-height-default\" data-id=\"e8d71ea\" data-element_type=\"section\" data-e-type=\"section\">\n\t\t\t\t\t\t<div class=\"elementor-container elementor-column-gap-default\">\n\t\t\t\t\t<div class=\"elementor-column elementor-col-100 elementor-top-column elementor-element elementor-element-2c8f608\" data-id=\"2c8f608\" data-element_type=\"column\" data-e-type=\"column\">\n\t\t\t<div class=\"elementor-widget-wrap elementor-element-populated\">\n\t\t\t\t\t\t<div class=\"elementor-element elementor-element-e8877d6 elementor-widget elementor-widget-spacer\" data-id=\"e8877d6\" data-element_type=\"widget\" data-e-type=\"widget\" data-widget_type=\"spacer.default\">\n\t\t\t\t<div class=\"elementor-widget-container\">\n\t\t\t\t\t\t\t<div class=\"elementor-spacer\">\n\t\t\t<div class=\"elementor-spacer-inner\"><\/div>\n\t\t<\/div>\n\t\t\t\t\t\t<\/div>\n\t\t\t\t<\/div>\n\t\t\t\t\t<\/div>\n\t\t<\/div>\n\t\t\t\t\t<\/div>\n\t\t<\/section>\n\t\t\t\t<section class=\"elementor-section elementor-top-section elementor-element elementor-element-d28286b elementor-section-content-middle elementor-section-full_width elementor-section-height-default elementor-section-height-default\" data-id=\"d28286b\" data-element_type=\"section\" data-e-type=\"section\">\n\t\t\t\t\t\t<div class=\"elementor-container elementor-column-gap-no\">\n\t\t\t\t\t<div class=\"elementor-column elementor-col-100 elementor-top-column elementor-element elementor-element-ba15d07\" data-id=\"ba15d07\" data-element_type=\"column\" data-e-type=\"column\" data-settings=\"{&quot;background_background&quot;:&quot;classic&quot;}\">\n\t\t\t<div class=\"elementor-widget-wrap elementor-element-populated\">\n\t\t\t\t\t\t<div class=\"elementor-element elementor-element-20361da elementor-widget__width-initial elementor-widget elementor-widget-heading\" data-id=\"20361da\" data-element_type=\"widget\" data-e-type=\"widget\" data-widget_type=\"heading.default\">\n\t\t\t\t<div class=\"elementor-widget-container\">\n\t\t\t\t\t<h1 class=\"elementor-heading-title elementor-size-default\"><a href=\"https:\/\/designinternational.uqam.ca\/2023\/landing-page\/carles-baiges-camprubi\/\">CARLES BAIGES CAMPRUB\u00ed<br><\/a><\/h1>\t\t\t\t<\/div>\n\t\t\t\t<\/div>\n\t\t\t\t\t<\/div>\n\t\t<\/div>\n\t\t\t\t\t<\/div>\n\t\t<\/section>\n\t\t\t\t<section class=\"elementor-section elementor-top-section elementor-element elementor-element-6ce2b8e elementor-section-content-middle elementor-section-boxed elementor-section-height-default elementor-section-height-default\" data-id=\"6ce2b8e\" data-element_type=\"section\" data-e-type=\"section\">\n\t\t\t\t\t\t<div class=\"elementor-container elementor-column-gap-default\">\n\t\t\t\t\t<div class=\"elementor-column elementor-col-50 elementor-top-column elementor-element elementor-element-638285c\" data-id=\"638285c\" data-element_type=\"column\" data-e-type=\"column\">\n\t\t\t<div class=\"elementor-widget-wrap elementor-element-populated\">\n\t\t\t\t\t\t<div class=\"elementor-element elementor-element-fcbbb53 elementor-widget__width-initial elementor-widget elementor-widget-text-editor\" data-id=\"fcbbb53\" data-element_type=\"widget\" data-e-type=\"widget\" data-widget_type=\"text-editor.default\">\n\t\t\t\t<div class=\"elementor-widget-container\">\n\t\t\t\t\t\t\t\t\t<p>\u00c9DIFICE<\/p>\t\t\t\t\t\t\t\t<\/div>\n\t\t\t\t<\/div>\n\t\t\t\t\t<\/div>\n\t\t<\/div>\n\t\t\t\t<div class=\"elementor-column elementor-col-50 elementor-top-column elementor-element elementor-element-4e480fc\" data-id=\"4e480fc\" data-element_type=\"column\" data-e-type=\"column\">\n\t\t\t<div class=\"elementor-widget-wrap elementor-element-populated\">\n\t\t\t\t\t\t<div class=\"elementor-element elementor-element-b236c48 elementor-widget__width-initial elementor-widget elementor-widget-text-editor\" data-id=\"b236c48\" data-element_type=\"widget\" data-e-type=\"widget\" data-widget_type=\"text-editor.default\">\n\t\t\t\t<div class=\"elementor-widget-container\">\n\t\t\t\t\t\t\t\t\t<p>JOUR 05<\/p>\t\t\t\t\t\t\t\t<\/div>\n\t\t\t\t<\/div>\n\t\t\t\t\t<\/div>\n\t\t<\/div>\n\t\t\t\t\t<\/div>\n\t\t<\/section>\n\t\t\t\t<section class=\"elementor-section elementor-top-section elementor-element elementor-element-8582ed1 elementor-section-full_width elementor-section-height-default elementor-section-height-default\" data-id=\"8582ed1\" data-element_type=\"section\" data-e-type=\"section\">\n\t\t\t\t\t\t<div class=\"elementor-container elementor-column-gap-default\">\n\t\t\t\t\t<div class=\"elementor-column elementor-col-66 elementor-top-column elementor-element elementor-element-d2e52d6\" data-id=\"d2e52d6\" data-element_type=\"column\" data-e-type=\"column\">\n\t\t\t<div class=\"elementor-widget-wrap elementor-element-populated\">\n\t\t\t\t\t\t<div class=\"elementor-element elementor-element-d374fec elementor-widget__width-initial elementor-widget elementor-widget-text-editor\" data-id=\"d374fec\" data-element_type=\"widget\" data-e-type=\"widget\" data-widget_type=\"text-editor.default\">\n\t\t\t\t<div class=\"elementor-widget-container\">\n\t\t\t\t\t\t\t\t\t<p><span style=\"font-family: Arial, Helvetica, sans-serif;\">MERCREDI &#8211; JOUR 05<\/span><\/p><p><span style=\"font-family: Helvetica;\">En matin\u00e9e, chaque \u00e9quipe pr\u00e9sente la recherche de pr\u00e9c\u00e9dents qu\u2019elle a r\u00e9alis\u00e9e la veille. Les exemples choisis sont vari\u00e9s, proviennent de l\u2019international, et concernent aussi bien le b\u00e2ti que l\u2019am\u00e9nagement paysager. \u00a0<\/span><\/p><p><span style=\"font-family: Helvetica;\" data-contrast=\"none\">En apr\u00e8s-midi, le v\u00e9ritable travail de conception commence. Des esquisses sur calques permettent d\u2019\u00e9laborer le concept de chaque \u00e9quipe. Parmi les id\u00e9es avanc\u00e9es, on retrouve un stationnement \u00e9tag\u00e9 qui se transforme graduellement en espace de vie, l\u2019utilisation de portes coch\u00e8res pour r\u00e9tablir l\u2019axe de l\u2019avenue H\u00f4tel-de-Ville et un immeuble sur pilotis.<\/span><span data-ccp-props=\"{&quot;134233117&quot;:false,&quot;134233118&quot;:false,&quot;201341983&quot;:0,&quot;335551550&quot;:1,&quot;335551620&quot;:1,&quot;335559685&quot;:0,&quot;335559737&quot;:0,&quot;335559738&quot;:0,&quot;335559739&quot;:160,&quot;335559740&quot;:259}\">\u00a0<\/span><\/p>\t\t\t\t\t\t\t\t<\/div>\n\t\t\t\t<\/div>\n\t\t\t\t\t<\/div>\n\t\t<\/div>\n\t\t\t\t<div class=\"elementor-column elementor-col-33 elementor-top-column elementor-element elementor-element-c211b0c\" data-id=\"c211b0c\" data-element_type=\"column\" data-e-type=\"column\">\n\t\t\t<div class=\"elementor-widget-wrap elementor-element-populated\">\n\t\t\t\t\t\t<div class=\"elementor-element elementor-element-1602dbd elementor-widget__width-initial elementor-fixed elementor-widget elementor-widget-image\" data-id=\"1602dbd\" data-element_type=\"widget\" data-e-type=\"widget\" data-settings=\"{&quot;_position&quot;:&quot;fixed&quot;}\" data-widget_type=\"image.default\">\n\t\t\t\t<div class=\"elementor-widget-container\">\n\t\t\t\t\t\t\t\t\t\t\t\t\t\t\t<img fetchpriority=\"high\" decoding=\"async\" width=\"300\" height=\"300\" src=\"https:\/\/designinternational.uqam.ca\/2023\/wp-content\/uploads\/sites\/9\/2023\/05\/20230518_CARLES_04-1.png\" class=\"attachment-full size-full wp-image-4326\" alt=\"\" srcset=\"https:\/\/designinternational.uqam.ca\/2023\/wp-content\/uploads\/sites\/9\/2023\/05\/20230518_CARLES_04-1.png 300w, https:\/\/designinternational.uqam.ca\/2023\/wp-content\/uploads\/sites\/9\/2023\/05\/20230518_CARLES_04-1-150x150.png 150w\" sizes=\"(max-width: 300px) 100vw, 300px\" \/>\t\t\t\t\t\t\t\t\t\t\t\t\t\t\t<\/div>\n\t\t\t\t<\/div>\n\t\t\t\t<div class=\"elementor-element elementor-element-aa7dfcd elementor-widget__width-initial elementor-fixed elementor-widget elementor-widget-image\" data-id=\"aa7dfcd\" data-element_type=\"widget\" data-e-type=\"widget\" data-settings=\"{&quot;_position&quot;:&quot;fixed&quot;}\" data-widget_type=\"image.default\">\n\t\t\t\t<div class=\"elementor-widget-container\">\n\t\t\t\t\t\t\t\t\t\t\t\t\t\t\t<img decoding=\"async\" width=\"300\" height=\"300\" src=\"https:\/\/designinternational.uqam.ca\/2023\/wp-content\/uploads\/sites\/9\/2023\/05\/20230518_CARLES_05-1.png\" class=\"attachment-full size-full wp-image-4335\" alt=\"\" srcset=\"https:\/\/designinternational.uqam.ca\/2023\/wp-content\/uploads\/sites\/9\/2023\/05\/20230518_CARLES_05-1.png 300w, https:\/\/designinternational.uqam.ca\/2023\/wp-content\/uploads\/sites\/9\/2023\/05\/20230518_CARLES_05-1-150x150.png 150w\" sizes=\"(max-width: 300px) 100vw, 300px\" \/>\t\t\t\t\t\t\t\t\t\t\t\t\t\t\t<\/div>\n\t\t\t\t<\/div>\n\t\t\t\t<div class=\"elementor-element elementor-element-fef743c elementor-widget__width-initial elementor-fixed elementor-widget elementor-widget-image\" data-id=\"fef743c\" data-element_type=\"widget\" data-e-type=\"widget\" data-settings=\"{&quot;_position&quot;:&quot;fixed&quot;}\" data-widget_type=\"image.default\">\n\t\t\t\t<div class=\"elementor-widget-container\">\n\t\t\t\t\t\t\t\t\t\t\t\t\t\t\t<img decoding=\"async\" width=\"300\" height=\"300\" src=\"https:\/\/designinternational.uqam.ca\/2023\/wp-content\/uploads\/sites\/9\/2023\/05\/20230518_CARLES_07-1.png\" class=\"attachment-full size-full wp-image-4336\" alt=\"\" srcset=\"https:\/\/designinternational.uqam.ca\/2023\/wp-content\/uploads\/sites\/9\/2023\/05\/20230518_CARLES_07-1.png 300w, https:\/\/designinternational.uqam.ca\/2023\/wp-content\/uploads\/sites\/9\/2023\/05\/20230518_CARLES_07-1-150x150.png 150w\" sizes=\"(max-width: 300px) 100vw, 300px\" \/>\t\t\t\t\t\t\t\t\t\t\t\t\t\t\t<\/div>\n\t\t\t\t<\/div>\n\t\t\t\t\t<\/div>\n\t\t<\/div>\n\t\t\t\t\t<\/div>\n\t\t<\/section>\n\t\t\t\t<section class=\"elementor-section elementor-top-section elementor-element elementor-element-ad141c4 elementor-section-boxed elementor-section-height-default elementor-section-height-default\" data-id=\"ad141c4\" data-element_type=\"section\" data-e-type=\"section\">\n\t\t\t\t\t\t<div class=\"elementor-container elementor-column-gap-default\">\n\t\t\t\t\t<div class=\"elementor-column elementor-col-100 elementor-top-column elementor-element elementor-element-60be357\" data-id=\"60be357\" data-element_type=\"column\" data-e-type=\"column\">\n\t\t\t<div class=\"elementor-widget-wrap elementor-element-populated\">\n\t\t\t\t\t\t<div class=\"elementor-element elementor-element-1f838a5 elementor-widget elementor-widget-spacer\" data-id=\"1f838a5\" data-element_type=\"widget\" data-e-type=\"widget\" data-widget_type=\"spacer.default\">\n\t\t\t\t<div class=\"elementor-widget-container\">\n\t\t\t\t\t\t\t<div class=\"elementor-spacer\">\n\t\t\t<div class=\"elementor-spacer-inner\"><\/div>\n\t\t<\/div>\n\t\t\t\t\t\t<\/div>\n\t\t\t\t<\/div>\n\t\t\t\t\t<\/div>\n\t\t<\/div>\n\t\t\t\t\t<\/div>\n\t\t<\/section>\n\t\t\t\t<section class=\"elementor-section elementor-top-section elementor-element elementor-element-1d91541 elementor-section-full_width elementor-section-height-default elementor-section-height-default\" data-id=\"1d91541\" data-element_type=\"section\" data-e-type=\"section\">\n\t\t\t\t\t\t<div class=\"elementor-container elementor-column-gap-no\">\n\t\t\t\t\t<div class=\"elementor-column elementor-col-50 elementor-top-column elementor-element elementor-element-1530eb2\" data-id=\"1530eb2\" data-element_type=\"column\" data-e-type=\"column\">\n\t\t\t<div class=\"elementor-widget-wrap elementor-element-populated\">\n\t\t\t\t\t\t<section class=\"elementor-section elementor-inner-section elementor-element elementor-element-f341289 elementor-section-boxed elementor-section-height-default elementor-section-height-default\" data-id=\"f341289\" data-element_type=\"section\" data-e-type=\"section\">\n\t\t\t\t\t\t<div class=\"elementor-container elementor-column-gap-default\">\n\t\t\t\t\t<div class=\"elementor-column elementor-col-50 elementor-inner-column elementor-element elementor-element-40e5989\" data-id=\"40e5989\" data-element_type=\"column\" data-e-type=\"column\">\n\t\t\t<div class=\"elementor-widget-wrap elementor-element-populated\">\n\t\t\t\t\t\t<div class=\"elementor-element elementor-element-3567a26 elementor-widget elementor-widget-text-editor\" data-id=\"3567a26\" data-element_type=\"widget\" data-e-type=\"widget\" data-widget_type=\"text-editor.default\">\n\t\t\t\t<div class=\"elementor-widget-container\">\n\t\t\t\t\t\t\t\t\t<p><a href=\"https:\/\/www.lacol.coop\/\">lacol.coop<\/a><\/p>\t\t\t\t\t\t\t\t<\/div>\n\t\t\t\t<\/div>\n\t\t\t\t\t<\/div>\n\t\t<\/div>\n\t\t\t\t<div class=\"elementor-column elementor-col-50 elementor-inner-column elementor-element elementor-element-4a465be\" data-id=\"4a465be\" data-element_type=\"column\" data-e-type=\"column\">\n\t\t\t<div class=\"elementor-widget-wrap elementor-element-populated\">\n\t\t\t\t\t\t<div class=\"elementor-element elementor-element-8e2343e elementor-widget elementor-widget-text-editor\" data-id=\"8e2343e\" data-element_type=\"widget\" data-e-type=\"widget\" data-widget_type=\"text-editor.default\">\n\t\t\t\t<div class=\"elementor-widget-container\">\n\t\t\t\t\t\t\t\t\t<p><span style=\"font-family: Helvetica;\">Invit\u00e9 de MARK PODDUBIUK<\/span><\/p>\t\t\t\t\t\t\t\t<\/div>\n\t\t\t\t<\/div>\n\t\t\t\t\t<\/div>\n\t\t<\/div>\n\t\t\t\t\t<\/div>\n\t\t<\/section>\n\t\t\t\t\t<\/div>\n\t\t<\/div>\n\t\t\t\t<div class=\"elementor-column elementor-col-50 elementor-top-column elementor-element elementor-element-5b385da\" data-id=\"5b385da\" data-element_type=\"column\" data-e-type=\"column\">\n\t\t\t<div class=\"elementor-widget-wrap elementor-element-populated\">\n\t\t\t\t\t\t\t<\/div>\n\t\t<\/div>\n\t\t\t\t\t<\/div>\n\t\t<\/section>\n\t\t\t\t<section class=\"elementor-section elementor-top-section elementor-element elementor-element-c65caee elementor-section-boxed elementor-section-height-default elementor-section-height-default\" data-id=\"c65caee\" data-element_type=\"section\" data-e-type=\"section\">\n\t\t\t\t\t\t<div class=\"elementor-container elementor-column-gap-default\">\n\t\t\t\t\t<div class=\"elementor-column elementor-col-100 elementor-top-column elementor-element elementor-element-d5814a8\" data-id=\"d5814a8\" data-element_type=\"column\" data-e-type=\"column\">\n\t\t\t<div class=\"elementor-widget-wrap elementor-element-populated\">\n\t\t\t\t\t\t<div class=\"elementor-element elementor-element-18e8f35 elementor-widget elementor-widget-spacer\" data-id=\"18e8f35\" data-element_type=\"widget\" data-e-type=\"widget\" data-widget_type=\"spacer.default\">\n\t\t\t\t<div class=\"elementor-widget-container\">\n\t\t\t\t\t\t\t<div class=\"elementor-spacer\">\n\t\t\t<div class=\"elementor-spacer-inner\"><\/div>\n\t\t<\/div>\n\t\t\t\t\t\t<\/div>\n\t\t\t\t<\/div>\n\t\t\t\t\t<\/div>\n\t\t<\/div>\n\t\t\t\t\t<\/div>\n\t\t<\/section>\n\t\t\t\t<section class=\"elementor-section elementor-top-section elementor-element elementor-element-0335e72 elementor-section-full_width elementor-section-height-default elementor-section-height-default\" data-id=\"0335e72\" data-element_type=\"section\" data-e-type=\"section\">\n\t\t\t\t\t\t<div class=\"elementor-container elementor-column-gap-no\">\n\t\t\t\t\t<div class=\"elementor-column elementor-col-33 elementor-top-column elementor-element elementor-element-c1fc566\" data-id=\"c1fc566\" data-element_type=\"column\" data-e-type=\"column\">\n\t\t\t<div class=\"elementor-widget-wrap elementor-element-populated\">\n\t\t\t\t\t\t<div class=\"elementor-element elementor-element-fd297c2 elementor-widget elementor-widget-text-editor\" data-id=\"fd297c2\" data-element_type=\"widget\" data-e-type=\"widget\" data-widget_type=\"text-editor.default\">\n\t\t\t\t<div class=\"elementor-widget-container\">\n\t\t\t\t\t\t\t\t\t<div class=\"\">\u00c9cole de Design &#8211; UQAM<\/div><div class=\"\">1440 Rue Sanguinet<br class=\"\" \/><a href=\"https:\/\/www.instagram.com\/ecoledesignuqam\/\">@ecoledesignuqam<\/a><\/div>\t\t\t\t\t\t\t\t<\/div>\n\t\t\t\t<\/div>\n\t\t\t\t\t<\/div>\n\t\t<\/div>\n\t\t\t\t<div class=\"elementor-column elementor-col-66 elementor-top-column elementor-element elementor-element-4f3f108\" data-id=\"4f3f108\" data-element_type=\"column\" data-e-type=\"column\">\n\t\t\t<div class=\"elementor-widget-wrap\">\n\t\t\t\t\t\t\t<\/div>\n\t\t<\/div>\n\t\t\t\t\t<\/div>\n\t\t<\/section>\n\t\t\t\t<\/div>\n\t\t","protected":false},"excerpt":{"rendered":"<p>CARLES BAIGES CAMPRUB\u00ed \u00c9DIFICE JOUR 05 MERCREDI &#8211; JOUR 05 En matin\u00e9e, chaque \u00e9quipe pr\u00e9sente la recherche de pr\u00e9c\u00e9dents qu\u2019elle a r\u00e9alis\u00e9e la veille. Les exemples choisis sont vari\u00e9s, proviennent de l\u2019international, et concernent aussi bien le b\u00e2ti que l\u2019am\u00e9nagement paysager. \u00a0 En apr\u00e8s-midi, le v\u00e9ritable travail de conception commence. Des esquisses sur calques permettent [&hellip;]<\/p>\n","protected":false},"author":123461,"featured_media":0,"parent":10,"menu_order":0,"comment_status":"closed","ping_status":"closed","template":"","meta":{"footnotes":""},"class_list":["post-2705","page","type-page","status-publish","hentry"],"_links":{"self":[{"href":"https:\/\/designinternational.uqam.ca\/2023\/wp-json\/wp\/v2\/pages\/2705","targetHints":{"allow":["GET"]}}],"collection":[{"href":"https:\/\/designinternational.uqam.ca\/2023\/wp-json\/wp\/v2\/pages"}],"about":[{"href":"https:\/\/designinternational.uqam.ca\/2023\/wp-json\/wp\/v2\/types\/page"}],"author":[{"embeddable":true,"href":"https:\/\/designinternational.uqam.ca\/2023\/wp-json\/wp\/v2\/users\/123461"}],"replies":[{"embeddable":true,"href":"https:\/\/designinternational.uqam.ca\/2023\/wp-json\/wp\/v2\/comments?post=2705"}],"version-history":[{"count":31,"href":"https:\/\/designinternational.uqam.ca\/2023\/wp-json\/wp\/v2\/pages\/2705\/revisions"}],"predecessor-version":[{"id":4343,"href":"https:\/\/designinternational.uqam.ca\/2023\/wp-json\/wp\/v2\/pages\/2705\/revisions\/4343"}],"up":[{"embeddable":true,"href":"https:\/\/designinternational.uqam.ca\/2023\/wp-json\/wp\/v2\/pages\/10"}],"wp:attachment":[{"href":"https:\/\/designinternational.uqam.ca\/2023\/wp-json\/wp\/v2\/media?parent=2705"}],"curies":[{"name":"wp","href":"https:\/\/api.w.org\/{rel}","templated":true}]}}