{"id":2557,"date":"2023-05-02T16:11:54","date_gmt":"2023-05-02T20:11:54","guid":{"rendered":"https:\/\/designinternational.uqam.ca\/2023\/landing-page\/christopher-dessus-jour-01-copy\/"},"modified":"2023-05-18T12:40:33","modified_gmt":"2023-05-18T16:40:33","slug":"christopher-dessus-jour-02","status":"publish","type":"page","link":"https:\/\/designinternational.uqam.ca\/2023\/landing-page\/christopher-dessus-jour-02\/","title":{"rendered":"CHRISTOPHER DESSUS-JOUR-02"},"content":{"rendered":"\t\t<div data-elementor-type=\"wp-page\" data-elementor-id=\"2557\" class=\"elementor elementor-2557\">\n\t\t\t\t\t\t<section class=\"elementor-section elementor-top-section elementor-element elementor-element-e8d71ea elementor-section-boxed elementor-section-height-default elementor-section-height-default\" data-id=\"e8d71ea\" data-element_type=\"section\" data-e-type=\"section\">\n\t\t\t\t\t\t<div class=\"elementor-container elementor-column-gap-default\">\n\t\t\t\t\t<div class=\"elementor-column elementor-col-100 elementor-top-column elementor-element elementor-element-2c8f608\" data-id=\"2c8f608\" data-element_type=\"column\" data-e-type=\"column\">\n\t\t\t<div class=\"elementor-widget-wrap elementor-element-populated\">\n\t\t\t\t\t\t<div class=\"elementor-element elementor-element-e8877d6 elementor-widget elementor-widget-spacer\" data-id=\"e8877d6\" data-element_type=\"widget\" data-e-type=\"widget\" data-widget_type=\"spacer.default\">\n\t\t\t\t<div class=\"elementor-widget-container\">\n\t\t\t\t\t\t\t<div class=\"elementor-spacer\">\n\t\t\t<div class=\"elementor-spacer-inner\"><\/div>\n\t\t<\/div>\n\t\t\t\t\t\t<\/div>\n\t\t\t\t<\/div>\n\t\t\t\t\t<\/div>\n\t\t<\/div>\n\t\t\t\t\t<\/div>\n\t\t<\/section>\n\t\t\t\t<section class=\"elementor-section elementor-top-section elementor-element elementor-element-d28286b elementor-section-content-middle elementor-section-full_width elementor-section-height-default elementor-section-height-default\" data-id=\"d28286b\" data-element_type=\"section\" data-e-type=\"section\">\n\t\t\t\t\t\t<div class=\"elementor-container elementor-column-gap-no\">\n\t\t\t\t\t<div class=\"elementor-column elementor-col-100 elementor-top-column elementor-element elementor-element-ba15d07\" data-id=\"ba15d07\" data-element_type=\"column\" data-e-type=\"column\" data-settings=\"{&quot;background_background&quot;:&quot;classic&quot;}\">\n\t\t\t<div class=\"elementor-widget-wrap elementor-element-populated\">\n\t\t\t\t\t\t<div class=\"elementor-element elementor-element-20361da elementor-widget__width-initial elementor-widget elementor-widget-heading\" data-id=\"20361da\" data-element_type=\"widget\" data-e-type=\"widget\" data-widget_type=\"heading.default\">\n\t\t\t\t<div class=\"elementor-widget-container\">\n\t\t\t\t\t<h1 class=\"elementor-heading-title elementor-size-default\"><a href=\"https:\/\/designinternational.uqam.ca\/2023\/landing-page\/christopher-dessus\/\">CHRISTOPHER DESSUS<\/a><\/h1>\t\t\t\t<\/div>\n\t\t\t\t<\/div>\n\t\t\t\t\t<\/div>\n\t\t<\/div>\n\t\t\t\t\t<\/div>\n\t\t<\/section>\n\t\t\t\t<section class=\"elementor-section elementor-top-section elementor-element elementor-element-6ce2b8e elementor-section-content-middle elementor-section-boxed elementor-section-height-default elementor-section-height-default\" data-id=\"6ce2b8e\" data-element_type=\"section\" data-e-type=\"section\">\n\t\t\t\t\t\t<div class=\"elementor-container elementor-column-gap-default\">\n\t\t\t\t\t<div class=\"elementor-column elementor-col-50 elementor-top-column elementor-element elementor-element-638285c\" data-id=\"638285c\" data-element_type=\"column\" data-e-type=\"column\">\n\t\t\t<div class=\"elementor-widget-wrap elementor-element-populated\">\n\t\t\t\t\t\t<div class=\"elementor-element elementor-element-fcbbb53 elementor-widget elementor-widget-text-editor\" data-id=\"fcbbb53\" data-element_type=\"widget\" data-e-type=\"widget\" data-widget_type=\"text-editor.default\">\n\t\t\t\t<div class=\"elementor-widget-container\">\n\t\t\t\t\t\t\t\t\t<p>SC\u00c9NOGRAPHIE ET SIGNAL\u00c9TIQUE<\/p>\t\t\t\t\t\t\t\t<\/div>\n\t\t\t\t<\/div>\n\t\t\t\t\t<\/div>\n\t\t<\/div>\n\t\t\t\t<div class=\"elementor-column elementor-col-50 elementor-top-column elementor-element elementor-element-4e480fc\" data-id=\"4e480fc\" data-element_type=\"column\" data-e-type=\"column\">\n\t\t\t<div class=\"elementor-widget-wrap elementor-element-populated\">\n\t\t\t\t\t\t<div class=\"elementor-element elementor-element-b236c48 elementor-widget elementor-widget-text-editor\" data-id=\"b236c48\" data-element_type=\"widget\" data-e-type=\"widget\" data-widget_type=\"text-editor.default\">\n\t\t\t\t<div class=\"elementor-widget-container\">\n\t\t\t\t\t\t\t\t\t<p>Jour 02<\/p>\t\t\t\t\t\t\t\t<\/div>\n\t\t\t\t<\/div>\n\t\t\t\t\t<\/div>\n\t\t<\/div>\n\t\t\t\t\t<\/div>\n\t\t<\/section>\n\t\t\t\t<section class=\"elementor-section elementor-top-section elementor-element elementor-element-8582ed1 elementor-section-full_width elementor-section-height-default elementor-section-height-default\" data-id=\"8582ed1\" data-element_type=\"section\" data-e-type=\"section\">\n\t\t\t\t\t\t<div class=\"elementor-container elementor-column-gap-default\">\n\t\t\t\t\t<div class=\"elementor-column elementor-col-66 elementor-top-column elementor-element elementor-element-d2e52d6\" data-id=\"d2e52d6\" data-element_type=\"column\" data-e-type=\"column\">\n\t\t\t<div class=\"elementor-widget-wrap elementor-element-populated\">\n\t\t\t\t\t\t<div class=\"elementor-element elementor-element-d374fec elementor-widget__width-initial elementor-widget elementor-widget-text-editor\" data-id=\"d374fec\" data-element_type=\"widget\" data-e-type=\"widget\" data-widget_type=\"text-editor.default\">\n\t\t\t\t<div class=\"elementor-widget-container\">\n\t\t\t\t\t\t\t\t\t<p><span style=\"font-family: Helvetica;\">DIMANCHE &#8211; JOUR 02<\/span><\/p><p><span style=\"font-family: Helvetica;\"><span class=\"TextRun SCXW118202266 BCX0\" lang=\"FR-FR\" xml:lang=\"FR-FR\" data-contrast=\"none\"><span class=\"NormalTextRun SCXW118202266 BCX0\">En matin\u00e9e, c\u2019est en petits groupes que les \u00e9tudiants discutent. Ils ont comme mission d\u2019\u00e9laborer un concept d\u2019assemblage des objets gonflables. Christopher et \u00c9lo\u00efse les encouragent \u00e0 faire de premiers croquis \u00e0 la main, ce m\u00e9dium leur permettant de mieux saisir le d\u00e9ploiement dans l\u2019espace des objets. En apr\u00e8s-midi, les r\u00e9unions de travail se poursuivent. Cette premi\u00e8re journ\u00e9e d\u2019atelier assez clam\u00e9 en est une de recherche conceptuelle.<\/span><\/span><span class=\"EOP SCXW118202266 BCX0\" data-ccp-props=\"{&quot;201341983&quot;:0,&quot;335551550&quot;:1,&quot;335551620&quot;:1,&quot;335559739&quot;:160,&quot;335559740&quot;:259}\">\u00a0<\/span><\/span><\/p>\t\t\t\t\t\t\t\t<\/div>\n\t\t\t\t<\/div>\n\t\t\t\t\t<\/div>\n\t\t<\/div>\n\t\t\t\t<div class=\"elementor-column elementor-col-33 elementor-top-column elementor-element elementor-element-c211b0c\" data-id=\"c211b0c\" data-element_type=\"column\" data-e-type=\"column\">\n\t\t\t<div class=\"elementor-widget-wrap elementor-element-populated\">\n\t\t\t\t\t\t<div class=\"elementor-element elementor-element-9189116 elementor-widget__width-initial elementor-fixed elementor-widget elementor-widget-image\" data-id=\"9189116\" data-element_type=\"widget\" data-e-type=\"widget\" data-settings=\"{&quot;_position&quot;:&quot;fixed&quot;}\" data-widget_type=\"image.default\">\n\t\t\t\t<div class=\"elementor-widget-container\">\n\t\t\t\t\t\t\t\t\t\t\t\t\t\t\t<img fetchpriority=\"high\" decoding=\"async\" width=\"300\" height=\"300\" src=\"https:\/\/designinternational.uqam.ca\/2023\/wp-content\/uploads\/sites\/9\/2023\/05\/IMG_9602_SQ.png\" class=\"attachment-full size-full wp-image-3313\" alt=\"\" srcset=\"https:\/\/designinternational.uqam.ca\/2023\/wp-content\/uploads\/sites\/9\/2023\/05\/IMG_9602_SQ.png 300w, https:\/\/designinternational.uqam.ca\/2023\/wp-content\/uploads\/sites\/9\/2023\/05\/IMG_9602_SQ-150x150.png 150w, https:\/\/designinternational.uqam.ca\/2023\/wp-content\/uploads\/sites\/9\/2023\/05\/elementor\/thumbs\/IMG_9602_SQ-150x150.png 350w\" sizes=\"(max-width: 300px) 100vw, 300px\" \/>\t\t\t\t\t\t\t\t\t\t\t\t\t\t\t<\/div>\n\t\t\t\t<\/div>\n\t\t\t\t<div class=\"elementor-element elementor-element-a76c223 elementor-widget__width-initial elementor-fixed elementor-widget elementor-widget-image\" data-id=\"a76c223\" data-element_type=\"widget\" data-e-type=\"widget\" data-settings=\"{&quot;_position&quot;:&quot;fixed&quot;}\" data-widget_type=\"image.default\">\n\t\t\t\t<div class=\"elementor-widget-container\">\n\t\t\t\t\t\t\t\t\t\t\t\t\t\t\t<img decoding=\"async\" width=\"300\" height=\"300\" src=\"https:\/\/designinternational.uqam.ca\/2023\/wp-content\/uploads\/sites\/9\/2023\/05\/DSC09645_SQ.png\" class=\"attachment-full size-full wp-image-3311\" alt=\"\" srcset=\"https:\/\/designinternational.uqam.ca\/2023\/wp-content\/uploads\/sites\/9\/2023\/05\/DSC09645_SQ.png 300w, https:\/\/designinternational.uqam.ca\/2023\/wp-content\/uploads\/sites\/9\/2023\/05\/DSC09645_SQ-150x150.png 150w\" sizes=\"(max-width: 300px) 100vw, 300px\" \/>\t\t\t\t\t\t\t\t\t\t\t\t\t\t\t<\/div>\n\t\t\t\t<\/div>\n\t\t\t\t<div class=\"elementor-element elementor-element-53b22e3 elementor-widget__width-initial elementor-fixed elementor-widget elementor-widget-image\" data-id=\"53b22e3\" data-element_type=\"widget\" data-e-type=\"widget\" data-settings=\"{&quot;_position&quot;:&quot;fixed&quot;}\" data-widget_type=\"image.default\">\n\t\t\t\t<div class=\"elementor-widget-container\">\n\t\t\t\t\t\t\t\t\t\t\t\t\t\t\t<img decoding=\"async\" width=\"300\" height=\"300\" src=\"https:\/\/designinternational.uqam.ca\/2023\/wp-content\/uploads\/sites\/9\/2023\/05\/DSC09621_SQ.png\" class=\"attachment-full size-full wp-image-3310\" alt=\"\" srcset=\"https:\/\/designinternational.uqam.ca\/2023\/wp-content\/uploads\/sites\/9\/2023\/05\/DSC09621_SQ.png 300w, https:\/\/designinternational.uqam.ca\/2023\/wp-content\/uploads\/sites\/9\/2023\/05\/DSC09621_SQ-150x150.png 150w\" sizes=\"(max-width: 300px) 100vw, 300px\" \/>\t\t\t\t\t\t\t\t\t\t\t\t\t\t\t<\/div>\n\t\t\t\t<\/div>\n\t\t\t\t<div class=\"elementor-element elementor-element-471c0e9 elementor-widget__width-initial elementor-fixed elementor-widget elementor-widget-image\" data-id=\"471c0e9\" data-element_type=\"widget\" data-e-type=\"widget\" data-settings=\"{&quot;_position&quot;:&quot;fixed&quot;}\" data-widget_type=\"image.default\">\n\t\t\t\t<div class=\"elementor-widget-container\">\n\t\t\t\t\t\t\t\t\t\t\t\t\t\t\t<img loading=\"lazy\" decoding=\"async\" width=\"300\" height=\"300\" src=\"https:\/\/designinternational.uqam.ca\/2023\/wp-content\/uploads\/sites\/9\/2023\/05\/DSC09587_SQ.png\" class=\"attachment-full size-full wp-image-3308\" alt=\"\" srcset=\"https:\/\/designinternational.uqam.ca\/2023\/wp-content\/uploads\/sites\/9\/2023\/05\/DSC09587_SQ.png 300w, https:\/\/designinternational.uqam.ca\/2023\/wp-content\/uploads\/sites\/9\/2023\/05\/DSC09587_SQ-150x150.png 150w\" sizes=\"(max-width: 300px) 100vw, 300px\" \/>\t\t\t\t\t\t\t\t\t\t\t\t\t\t\t<\/div>\n\t\t\t\t<\/div>\n\t\t\t\t<div class=\"elementor-element elementor-element-aff4a89 elementor-widget__width-initial elementor-fixed elementor-widget elementor-widget-image\" data-id=\"aff4a89\" data-element_type=\"widget\" data-e-type=\"widget\" data-settings=\"{&quot;_position&quot;:&quot;fixed&quot;}\" data-widget_type=\"image.default\">\n\t\t\t\t<div class=\"elementor-widget-container\">\n\t\t\t\t\t\t\t\t\t\t\t\t\t\t\t<img loading=\"lazy\" decoding=\"async\" width=\"300\" height=\"300\" src=\"https:\/\/designinternational.uqam.ca\/2023\/wp-content\/uploads\/sites\/9\/2023\/05\/IMG_9548_SQ.png\" class=\"attachment-full size-full wp-image-3312\" alt=\"\" srcset=\"https:\/\/designinternational.uqam.ca\/2023\/wp-content\/uploads\/sites\/9\/2023\/05\/IMG_9548_SQ.png 300w, https:\/\/designinternational.uqam.ca\/2023\/wp-content\/uploads\/sites\/9\/2023\/05\/IMG_9548_SQ-150x150.png 150w\" sizes=\"(max-width: 300px) 100vw, 300px\" \/>\t\t\t\t\t\t\t\t\t\t\t\t\t\t\t<\/div>\n\t\t\t\t<\/div>\n\t\t\t\t<div class=\"elementor-element elementor-element-53aa28c elementor-widget__width-initial elementor-fixed elementor-widget elementor-widget-image\" data-id=\"53aa28c\" data-element_type=\"widget\" data-e-type=\"widget\" data-settings=\"{&quot;_position&quot;:&quot;fixed&quot;}\" data-widget_type=\"image.default\">\n\t\t\t\t<div class=\"elementor-widget-container\">\n\t\t\t\t\t\t\t\t\t\t\t\t\t\t\t<img loading=\"lazy\" decoding=\"async\" width=\"300\" height=\"300\" src=\"https:\/\/designinternational.uqam.ca\/2023\/wp-content\/uploads\/sites\/9\/2023\/05\/IMG_9572_SQ.png\" class=\"attachment-full size-full wp-image-3314\" alt=\"\" srcset=\"https:\/\/designinternational.uqam.ca\/2023\/wp-content\/uploads\/sites\/9\/2023\/05\/IMG_9572_SQ.png 300w, https:\/\/designinternational.uqam.ca\/2023\/wp-content\/uploads\/sites\/9\/2023\/05\/IMG_9572_SQ-150x150.png 150w\" sizes=\"(max-width: 300px) 100vw, 300px\" \/>\t\t\t\t\t\t\t\t\t\t\t\t\t\t\t<\/div>\n\t\t\t\t<\/div>\n\t\t\t\t<div class=\"elementor-element elementor-element-059b39f elementor-widget__width-initial elementor-fixed elementor-widget elementor-widget-image\" data-id=\"059b39f\" data-element_type=\"widget\" data-e-type=\"widget\" data-settings=\"{&quot;_position&quot;:&quot;fixed&quot;}\" data-widget_type=\"image.default\">\n\t\t\t\t<div class=\"elementor-widget-container\">\n\t\t\t\t\t\t\t\t\t\t\t\t\t\t\t<img loading=\"lazy\" decoding=\"async\" width=\"300\" height=\"300\" src=\"https:\/\/designinternational.uqam.ca\/2023\/wp-content\/uploads\/sites\/9\/2023\/05\/DSC09595_SQ.png\" class=\"attachment-full size-full wp-image-3309\" alt=\"\" srcset=\"https:\/\/designinternational.uqam.ca\/2023\/wp-content\/uploads\/sites\/9\/2023\/05\/DSC09595_SQ.png 300w, https:\/\/designinternational.uqam.ca\/2023\/wp-content\/uploads\/sites\/9\/2023\/05\/DSC09595_SQ-150x150.png 150w\" sizes=\"(max-width: 300px) 100vw, 300px\" \/>\t\t\t\t\t\t\t\t\t\t\t\t\t\t\t<\/div>\n\t\t\t\t<\/div>\n\t\t\t\t\t<\/div>\n\t\t<\/div>\n\t\t\t\t\t<\/div>\n\t\t<\/section>\n\t\t\t\t<section class=\"elementor-section elementor-top-section elementor-element elementor-element-1d91541 elementor-section-full_width elementor-section-height-default elementor-section-height-default\" data-id=\"1d91541\" data-element_type=\"section\" data-e-type=\"section\">\n\t\t\t\t\t\t<div class=\"elementor-container elementor-column-gap-no\">\n\t\t\t\t\t<div class=\"elementor-column elementor-col-50 elementor-top-column elementor-element elementor-element-1530eb2\" data-id=\"1530eb2\" data-element_type=\"column\" data-e-type=\"column\">\n\t\t\t<div class=\"elementor-widget-wrap elementor-element-populated\">\n\t\t\t\t\t\t<section class=\"elementor-section elementor-inner-section elementor-element elementor-element-f341289 elementor-section-boxed elementor-section-height-default elementor-section-height-default\" data-id=\"f341289\" data-element_type=\"section\" data-e-type=\"section\">\n\t\t\t\t\t\t<div class=\"elementor-container elementor-column-gap-default\">\n\t\t\t\t\t<div class=\"elementor-column elementor-col-50 elementor-inner-column elementor-element elementor-element-40e5989\" data-id=\"40e5989\" data-element_type=\"column\" data-e-type=\"column\">\n\t\t\t<div class=\"elementor-widget-wrap elementor-element-populated\">\n\t\t\t\t\t\t<div class=\"elementor-element elementor-element-3567a26 elementor-widget elementor-widget-text-editor\" data-id=\"3567a26\" data-element_type=\"widget\" data-e-type=\"widget\" data-widget_type=\"text-editor.default\">\n\t\t\t\t<div class=\"elementor-widget-container\">\n\t\t\t\t\t\t\t\t\t<p><a href=\"http:\/\/pafatelier.com\">pafatelier.com<\/a><\/p>\t\t\t\t\t\t\t\t<\/div>\n\t\t\t\t<\/div>\n\t\t\t\t\t<\/div>\n\t\t<\/div>\n\t\t\t\t<div class=\"elementor-column elementor-col-50 elementor-inner-column elementor-element elementor-element-4a465be\" data-id=\"4a465be\" data-element_type=\"column\" data-e-type=\"column\">\n\t\t\t<div class=\"elementor-widget-wrap elementor-element-populated\">\n\t\t\t\t\t\t<div class=\"elementor-element elementor-element-8e2343e elementor-widget elementor-widget-text-editor\" data-id=\"8e2343e\" data-element_type=\"widget\" data-e-type=\"widget\" data-widget_type=\"text-editor.default\">\n\t\t\t\t<div class=\"elementor-widget-container\">\n\t\t\t\t\t\t\t\t\t<p><span style=\"font-family: Helvetica;\">Invit\u00e9 de LOUIS-CHARLES LASNIER<\/span><\/p>\t\t\t\t\t\t\t\t<\/div>\n\t\t\t\t<\/div>\n\t\t\t\t\t<\/div>\n\t\t<\/div>\n\t\t\t\t\t<\/div>\n\t\t<\/section>\n\t\t\t\t\t<\/div>\n\t\t<\/div>\n\t\t\t\t<div class=\"elementor-column elementor-col-50 elementor-top-column elementor-element elementor-element-5b385da\" data-id=\"5b385da\" data-element_type=\"column\" data-e-type=\"column\">\n\t\t\t<div class=\"elementor-widget-wrap elementor-element-populated\">\n\t\t\t\t\t\t\t<\/div>\n\t\t<\/div>\n\t\t\t\t\t<\/div>\n\t\t<\/section>\n\t\t\t\t<section class=\"elementor-section elementor-top-section elementor-element elementor-element-ad141c4 elementor-section-boxed elementor-section-height-default elementor-section-height-default\" data-id=\"ad141c4\" data-element_type=\"section\" data-e-type=\"section\">\n\t\t\t\t\t\t<div class=\"elementor-container elementor-column-gap-default\">\n\t\t\t\t\t<div class=\"elementor-column elementor-col-100 elementor-top-column elementor-element elementor-element-60be357\" data-id=\"60be357\" data-element_type=\"column\" data-e-type=\"column\">\n\t\t\t<div class=\"elementor-widget-wrap elementor-element-populated\">\n\t\t\t\t\t\t<div class=\"elementor-element elementor-element-1f838a5 elementor-widget elementor-widget-spacer\" data-id=\"1f838a5\" data-element_type=\"widget\" data-e-type=\"widget\" data-widget_type=\"spacer.default\">\n\t\t\t\t<div class=\"elementor-widget-container\">\n\t\t\t\t\t\t\t<div class=\"elementor-spacer\">\n\t\t\t<div class=\"elementor-spacer-inner\"><\/div>\n\t\t<\/div>\n\t\t\t\t\t\t<\/div>\n\t\t\t\t<\/div>\n\t\t\t\t\t<\/div>\n\t\t<\/div>\n\t\t\t\t\t<\/div>\n\t\t<\/section>\n\t\t\t\t<section class=\"elementor-section elementor-top-section elementor-element elementor-element-0335e72 elementor-section-full_width elementor-section-height-default elementor-section-height-default\" data-id=\"0335e72\" data-element_type=\"section\" data-e-type=\"section\">\n\t\t\t\t\t\t<div class=\"elementor-container elementor-column-gap-no\">\n\t\t\t\t\t<div class=\"elementor-column elementor-col-33 elementor-top-column elementor-element elementor-element-c1fc566\" data-id=\"c1fc566\" data-element_type=\"column\" data-e-type=\"column\">\n\t\t\t<div class=\"elementor-widget-wrap elementor-element-populated\">\n\t\t\t\t\t\t<div class=\"elementor-element elementor-element-fd297c2 elementor-widget elementor-widget-text-editor\" data-id=\"fd297c2\" data-element_type=\"widget\" data-e-type=\"widget\" data-widget_type=\"text-editor.default\">\n\t\t\t\t<div class=\"elementor-widget-container\">\n\t\t\t\t\t\t\t\t\t<div class=\"\">\u00c9cole de Design &#8211; UQAM<\/div><div class=\"\">1440 Rue Sanguinet<br class=\"\" \/><a href=\"https:\/\/www.instagram.com\/ecoledesignuqam\/\">@ecoledesignuqam<\/a><\/div>\t\t\t\t\t\t\t\t<\/div>\n\t\t\t\t<\/div>\n\t\t\t\t\t<\/div>\n\t\t<\/div>\n\t\t\t\t<div class=\"elementor-column elementor-col-66 elementor-top-column elementor-element elementor-element-4f3f108\" data-id=\"4f3f108\" data-element_type=\"column\" data-e-type=\"column\">\n\t\t\t<div class=\"elementor-widget-wrap\">\n\t\t\t\t\t\t\t<\/div>\n\t\t<\/div>\n\t\t\t\t\t<\/div>\n\t\t<\/section>\n\t\t\t\t<\/div>\n\t\t","protected":false},"excerpt":{"rendered":"<p>CHRISTOPHER DESSUS SC\u00c9NOGRAPHIE ET SIGNAL\u00c9TIQUE Jour 02 DIMANCHE &#8211; JOUR 02 En matin\u00e9e, c\u2019est en petits groupes que les \u00e9tudiants discutent. Ils ont comme mission d\u2019\u00e9laborer un concept d\u2019assemblage des objets gonflables. Christopher et \u00c9lo\u00efse les encouragent \u00e0 faire de premiers croquis \u00e0 la main, ce m\u00e9dium leur permettant de mieux saisir le d\u00e9ploiement dans [&hellip;]<\/p>\n","protected":false},"author":123461,"featured_media":0,"parent":10,"menu_order":0,"comment_status":"closed","ping_status":"closed","template":"","meta":{"footnotes":""},"class_list":["post-2557","page","type-page","status-publish","hentry"],"_links":{"self":[{"href":"https:\/\/designinternational.uqam.ca\/2023\/wp-json\/wp\/v2\/pages\/2557","targetHints":{"allow":["GET"]}}],"collection":[{"href":"https:\/\/designinternational.uqam.ca\/2023\/wp-json\/wp\/v2\/pages"}],"about":[{"href":"https:\/\/designinternational.uqam.ca\/2023\/wp-json\/wp\/v2\/types\/page"}],"author":[{"embeddable":true,"href":"https:\/\/designinternational.uqam.ca\/2023\/wp-json\/wp\/v2\/users\/123461"}],"replies":[{"embeddable":true,"href":"https:\/\/designinternational.uqam.ca\/2023\/wp-json\/wp\/v2\/comments?post=2557"}],"version-history":[{"count":55,"href":"https:\/\/designinternational.uqam.ca\/2023\/wp-json\/wp\/v2\/pages\/2557\/revisions"}],"predecessor-version":[{"id":4270,"href":"https:\/\/designinternational.uqam.ca\/2023\/wp-json\/wp\/v2\/pages\/2557\/revisions\/4270"}],"up":[{"embeddable":true,"href":"https:\/\/designinternational.uqam.ca\/2023\/wp-json\/wp\/v2\/pages\/10"}],"wp:attachment":[{"href":"https:\/\/designinternational.uqam.ca\/2023\/wp-json\/wp\/v2\/media?parent=2557"}],"curies":[{"name":"wp","href":"https:\/\/api.w.org\/{rel}","templated":true}]}}