{"id":49470,"date":"2019-05-16T17:40:53","date_gmt":"2019-05-16T16:40:53","guid":{"rendered":"http:\/\/designinternational.uqam.ca\/2019\/?page_id=49470"},"modified":"2019-05-17T17:29:21","modified_gmt":"2019-05-17T16:29:21","slug":"jos-boys-04","status":"publish","type":"page","link":"https:\/\/designinternational.uqam.ca\/2019\/jos-boys\/jos-boys-04\/","title":{"rendered":"Jos Boys &#8211; 04"},"content":{"rendered":"<div class=\"wpb-content-wrapper\"><p>[vc_row row_height_percent=\u00a0\u00bb0&Prime; overlay_alpha=\u00a0\u00bb50&Prime; gutter_size=\u00a0\u00bb3&Prime; shift_y=\u00a0\u00bb0&Prime;][vc_column width=\u00a0\u00bb10\/12&Prime;][vc_row_inner][vc_column_inner width=\u00a0\u00bb5\/6&Prime;][vc_single_image media=\u00a0\u00bb48839&Prime; media_width_percent=\u00a0\u00bb100&Prime;][\/vc_column_inner][vc_column_inner width=\u00a0\u00bb1\/6&Prime;][\/vc_column_inner][\/vc_row_inner][\/vc_column][vc_column column_width_percent=\u00a0\u00bb100&Prime; position_vertical=\u00a0\u00bbmiddle\u00a0\u00bb align_horizontal=\u00a0\u00bbalign_center\u00a0\u00bb override_padding=\u00a0\u00bbyes\u00a0\u00bb column_padding=\u00a0\u00bb0&Prime; overlay_alpha=\u00a0\u00bb50&Prime; gutter_size=\u00a0\u00bb3&Prime; medium_visibility=\u00a0\u00bbyes\u00a0\u00bb medium_width=\u00a0\u00bb0&Prime; mobile_visibility=\u00a0\u00bbyes\u00a0\u00bb shift_x=\u00a0\u00bb0&Prime; shift_y=\u00a0\u00bb0&Prime; z_index=\u00a0\u00bb0&Prime; width=\u00a0\u00bb2\/12&Prime;][vc_row_inner][vc_column_inner width=\u00a0\u00bb1\/3&Prime;][vc_single_image media=\u00a0\u00bb48461&Prime; media_width_percent=\u00a0\u00bb75&Prime; alignment=\u00a0\u00bbcenter\u00a0\u00bb media_link=\u00a0\u00bburl:http%3A%2F%2Fdesigninternational.uqam.ca%2F2019%2Fjos-boys%2Fjos-boys-03|||\u00a0\u00bb][\/vc_column_inner][vc_column_inner width=\u00a0\u00bb1\/3&Prime;][vc_single_image media=\u00a0\u00bb48750&Prime; media_width_percent=\u00a0\u00bb100&Prime; alignment=\u00a0\u00bbcenter\u00a0\u00bb media_link=\u00a0\u00bburl:http%3A%2F%2Fdesigninternational.uqam.ca%2F2019%2F|title:Accueil%202019||\u00a0\u00bb][\/vc_column_inner][vc_column_inner width=\u00a0\u00bb1\/3&Prime;][vc_single_image media=\u00a0\u00bb48458&Prime; media_width_percent=\u00a0\u00bb75&Prime; alignment=\u00a0\u00bbcenter\u00a0\u00bb media_link=\u00a0\u00bburl:http%3A%2F%2Fdesigninternational.uqam.ca%2F2019%2Fjos-boys-05|||\u00a0\u00bb][\/vc_column_inner][\/vc_row_inner][\/vc_column][\/vc_row][vc_row][vc_column width=\u00a0\u00bb1\/2&Prime;][vc_column_text]<b>Jos Boys<\/b><\/p>\n<p>Le matin a \u00e9t\u00e9 d\u00e9di\u00e9 \u00e0 des exp\u00e9rimentations sur le terrain, faisant l\u2019objet cette fois-ci de captations et d\u2019enregistrements. Les tests dans l\u2019espace public se sont pr\u00e9cis\u00e9s hier et se transforment tranquillement en interventions.<\/p>\n<p>Une \u00e9quipe a par exemple install\u00e9 un tapis rouge \u00e0 la sortie de la station Champ-de-Mars et a tent\u00e9 de contraindre les passants \u00e0 marcher dessus en installant des bornes pr\u00e8s des portes. Voyant que les passants tentaient \u00e0 tout prix d\u2019\u00e9viter le tapis, les \u00e9tudiantes ont chang\u00e9 de strat\u00e9gies. Avec du riz qu\u2019elles lan\u00e7aient dans les airs, elles c\u00e9l\u00e9braient les gens qui passaient sur le tapis rouge et leur souhaitaient une bonne journ\u00e9e. En entrant ainsi en interaction avec les \u00e9tudiantes, les passants \u00e9taient ravis de l\u2019exp\u00e9rience, mais surtout plus enclins \u00e0 entrer en relation avec elles.<\/p>\n<p>Une autre \u00e9quipe d\u2019\u00e9tudiantes a d\u00e9cid\u00e9 d\u2019attacher les chevilles de deux de leurs camarades. Devenant ce corps \u00e0 trois pattes qui se meut lentement et difficilement dans l\u2019espace, contraignant ainsi le mouvement et la vitesse des autres \u00e0 l\u2019heure de pointe dans le m\u00e9tro, elles se sont attir\u00e9 la hargne de certains utilisateurs du service de transport.<\/p>\n<p>L\u2019apr\u00e8s-midi a servi \u00e0 un retour en groupe sur les diff\u00e9rentes exp\u00e9rimentations \u00ab\u2009disruptives\u2009\u00bb qui ont eu lieu sur la Place des Montr\u00e9alaises. Par la suite, les \u00e9tudiant.e.s ont \u00e9t\u00e9 convi\u00e9.e.s \u00e0 une repr\u00e9sentation de <i>\u00c0 mes yeux c\u2019est similaire<\/i> \u00e0 la Maison de la culture du Plateau-Mont-Royal.[\/vc_column_text][\/vc_column][vc_column width=\u00a0\u00bb1\/2&Prime;][vc_gallery el_id=\u00a0\u00bbgallery-185049&Prime; type=\u00a0\u00bbcarousel\u00a0\u00bb medias=\u00a0\u00bb49476,49477,49478,49479,49480&Prime; carousel_lg=\u00a0\u00bb2&Prime; carousel_md=\u00a0\u00bb2&Prime; carousel_sm=\u00a0\u00bb1&Prime; thumb_size=\u00a0\u00bbtwo-three\u00a0\u00bb gutter_size=\u00a0\u00bb2&Prime; media_items=\u00a0\u00bbmedia|lightbox|original\u00a0\u00bb carousel_interval=\u00a0\u00bb0&Prime; carousel_navspeed=\u00a0\u00bb400&Prime; carousel_loop=\u00a0\u00bbyes\u00a0\u00bb carousel_dots=\u00a0\u00bbyes\u00a0\u00bb single_overlay_opacity=\u00a0\u00bb50&Prime; single_padding=\u00a0\u00bb2&Prime; single_border=\u00a0\u00bbyes\u00a0\u00bb][\/vc_column][\/vc_row][vc_row row_height_percent=\u00a0\u00bb0&Prime; overlay_alpha=\u00a0\u00bb50&Prime; equal_height=\u00a0\u00bbyes\u00a0\u00bb gutter_size=\u00a0\u00bb0&Prime; desktop_visibility=\u00a0\u00bbyes\u00a0\u00bb shift_y=\u00a0\u00bb0&Prime;][vc_column column_width_percent=\u00a0\u00bb100&Prime; position_vertical=\u00a0\u00bbmiddle\u00a0\u00bb align_horizontal=\u00a0\u00bbalign_center\u00a0\u00bb expand_height=\u00a0\u00bbyes\u00a0\u00bb overlay_alpha=\u00a0\u00bb50&Prime; gutter_size=\u00a0\u00bb3&Prime; desktop_visibility=\u00a0\u00bbyes\u00a0\u00bb align_medium=\u00a0\u00bbalign_center_tablet\u00a0\u00bb medium_width=\u00a0\u00bb0&Prime; align_mobile=\u00a0\u00bbalign_center_mobile\u00a0\u00bb shift_x=\u00a0\u00bb0&Prime; shift_y=\u00a0\u00bb0&Prime; z_index=\u00a0\u00bb0&Prime; width=\u00a0\u00bb1\/1&Prime;][vc_column_text]<a href=\"http:\/\/designinternational.uqam.ca\/2019\/jos-boys-03\"><img decoding=\"async\" class=\"alignnone wp-image-49287\" src=\"http:\/\/designinternational.uqam.ca\/2019\/wp-content\/uploads\/sites\/8\/2019\/05\/fl\u00e8chepr\u00e9c\u00e9dent.png\" alt=\"\" width=\"42\" height=\"65\" \/><\/a><a href=\"http:\/\/designinternational.uqam.ca\/2019\/\"><img decoding=\"async\" class=\"alignnone wp-image-48750\" src=\"http:\/\/designinternational.uqam.ca\/2019\/wp-content\/uploads\/sites\/8\/2019\/05\/Home.png\" alt=\"\" width=\"61\" height=\"65\" \/><\/a><a href=\"http:\/\/designinternational.uqam.ca\/2019\/jos-boys-05\"><img decoding=\"async\" class=\"alignnone wp-image-49285\" src=\"http:\/\/designinternational.uqam.ca\/2019\/wp-content\/uploads\/sites\/8\/2019\/05\/fl\u00e8chesuivant.png\" alt=\"\" width=\"42\" height=\"65\" \/><\/a>[\/vc_column_text][\/vc_column][\/vc_row]<\/p>\n<\/div>","protected":false},"excerpt":{"rendered":"<p>[vc_row row_height_percent=\u00a0\u00bb0&Prime; overlay_alpha=\u00a0\u00bb50&Prime; gutter_size=\u00a0\u00bb3&Prime; shift_y=\u00a0\u00bb0&Prime;][vc_column width=\u00a0\u00bb10\/12&Prime;][vc_row_inner][vc_column_inner width=\u00a0\u00bb5\/6&Prime;][vc_single_image media=\u00a0\u00bb48839&Prime; media_width_percent=\u00a0\u00bb100&Prime;][\/vc_column_inner][vc_column_inner width=\u00a0\u00bb1\/6&Prime;][\/vc_column_inner][\/vc_row_inner][\/vc_column][vc_column column_width_percent=\u00a0\u00bb100&Prime; position_vertical=\u00a0\u00bbmiddle\u00a0\u00bb align_horizontal=\u00a0\u00bbalign_center\u00a0\u00bb override_padding=\u00a0\u00bbyes\u00a0\u00bb column_padding=\u00a0\u00bb0&Prime; overlay_alpha=\u00a0\u00bb50&Prime; gutter_size=\u00a0\u00bb3&Prime; medium_visibility=\u00a0\u00bbyes\u00a0\u00bb medium_width=\u00a0\u00bb0&Prime; mobile_visibility=\u00a0\u00bbyes\u00a0\u00bb [&hellip;]<\/p>\n","protected":false},"author":6,"featured_media":0,"parent":48724,"menu_order":0,"comment_status":"closed","ping_status":"closed","template":"","meta":{"footnotes":""},"class_list":["post-49470","page","type-page","status-publish","hentry","page_category-jos-boys"],"_links":{"self":[{"href":"https:\/\/designinternational.uqam.ca\/2019\/wp-json\/wp\/v2\/pages\/49470","targetHints":{"allow":["GET"]}}],"collection":[{"href":"https:\/\/designinternational.uqam.ca\/2019\/wp-json\/wp\/v2\/pages"}],"about":[{"href":"https:\/\/designinternational.uqam.ca\/2019\/wp-json\/wp\/v2\/types\/page"}],"author":[{"embeddable":true,"href":"https:\/\/designinternational.uqam.ca\/2019\/wp-json\/wp\/v2\/users\/6"}],"replies":[{"embeddable":true,"href":"https:\/\/designinternational.uqam.ca\/2019\/wp-json\/wp\/v2\/comments?post=49470"}],"version-history":[{"count":8,"href":"https:\/\/designinternational.uqam.ca\/2019\/wp-json\/wp\/v2\/pages\/49470\/revisions"}],"predecessor-version":[{"id":49804,"href":"https:\/\/designinternational.uqam.ca\/2019\/wp-json\/wp\/v2\/pages\/49470\/revisions\/49804"}],"up":[{"embeddable":true,"href":"https:\/\/designinternational.uqam.ca\/2019\/wp-json\/wp\/v2\/pages\/48724"}],"wp:attachment":[{"href":"https:\/\/designinternational.uqam.ca\/2019\/wp-json\/wp\/v2\/media?parent=49470"}],"curies":[{"name":"wp","href":"https:\/\/api.w.org\/{rel}","templated":true}]}}